{"id":12251,"date":"2024-07-11T10:53:51","date_gmt":"2024-07-11T08:53:51","guid":{"rendered":"https:\/\/hopla.tech\/?page_id=12251"},"modified":"2025-06-30T17:11:56","modified_gmt":"2025-06-30T15:11:56","slug":"canal-de-alerta-etica","status":"publish","type":"page","link":"https:\/\/hopla.tech\/en\/canal-de-alerta-etica\/","title":{"rendered":"Ethical alert channel"},"content":{"rendered":"<div data-elementor-type=\"wp-page\" data-elementor-id=\"12251\" class=\"elementor elementor-12251\" data-elementor-post-type=\"page\">\n\t\t\t\t<div class=\"elementor-element elementor-element-99b04d6 e-flex e-con-boxed e-con e-parent\" data-id=\"99b04d6\" data-element_type=\"container\" data-e-type=\"container\" data-settings=\"{&quot;background_background&quot;:&quot;classic&quot;}\">\n\t\t\t\t\t<div class=\"e-con-inner\">\n\t\t<div class=\"elementor-element elementor-element-2c81862 e-con-full e-flex e-con e-child\" data-id=\"2c81862\" data-element_type=\"container\" data-e-type=\"container\" data-settings=\"{&quot;background_background&quot;:&quot;classic&quot;}\">\n\t\t\t\t<div class=\"elementor-element elementor-element-70a33b8 elementor-widget elementor-widget-image\" data-id=\"70a33b8\" data-element_type=\"widget\" data-e-type=\"widget\" data-widget_type=\"image.default\">\n\t\t\t\t<div class=\"elementor-widget-container\">\n\t\t\t\t\t\t\t\t\t\t\t\t\t\t\t<img fetchpriority=\"high\" decoding=\"async\" width=\"800\" height=\"800\" src=\"https:\/\/hopla.tech\/wp-content\/uploads\/2025\/06\/canal-de-etica.webp\" class=\"attachment-large size-large wp-image-14759\" alt=\"\" \/>\t\t\t\t\t\t\t\t\t\t\t\t\t\t\t<\/div>\n\t\t\t\t<\/div>\n\t\t\t\t<\/div>\n\t\t<div class=\"elementor-element elementor-element-3304dcd e-con-full e-flex e-con e-child\" data-id=\"3304dcd\" data-element_type=\"container\" data-e-type=\"container\" data-settings=\"{&quot;background_background&quot;:&quot;classic&quot;}\">\n\t\t\t\t<div class=\"elementor-element elementor-element-12e7daa elementor-widget elementor-widget-heading\" data-id=\"12e7daa\" data-element_type=\"widget\" data-e-type=\"widget\" data-widget_type=\"heading.default\">\n\t\t\t\t<div class=\"elementor-widget-container\">\n\t\t\t\t\t<h2 class=\"elementor-heading-title elementor-size-default\">Canal \u00e9tico<\/h2>\t\t\t\t<\/div>\n\t\t\t\t<\/div>\n\t\t\t\t<div class=\"elementor-element elementor-element-581d1cf elementor-widget elementor-widget-text-editor\" data-id=\"581d1cf\" data-element_type=\"widget\" data-e-type=\"widget\" data-widget_type=\"text-editor.default\">\n\t\t\t\t<div class=\"elementor-widget-container\">\n\t\t\t\t\t\t\t\t\tEn Hopla! estamos <strong>comprometidos<\/strong> desde el primer d\u00eda en respetar el cumplimiento del <strong>Plan de Igualdad<\/strong>, un elemento clave de nuestros valores como compa\u00f1\u00eda. Uno de los pilares b\u00e1sicos de nuestra forma de trabajar se centra en la igualdad de oportunidades. Con el fin de poder desarrollar todo su potencial profesional tod@s nuestr@s talentos tienen las mismas oportunidades con independencia de g\u00e9nero, raza, etnia, cultura, edad, discapacidad, orientaci\u00f3n sexual, religi\u00f3n o ideolog\u00eda.\n\nEs por ello, que en Hopla! ponemos a la disposici\u00f3n de cualquier persona interesada nuestra Pol\u00edtica de <strong><a href=\"https:\/\/hopla.tech\/wp-content\/uploads\/2024\/07\/Codigo-Etico.pdf\" style=\"color: white;\">C\u00f3digo \u00c9tico<\/a><\/strong> as\u00ed como nuestra <strong><a href=\"https:\/\/hopla.tech\/wp-content\/uploads\/2025\/06\/Politica-CAE_GRUPO-BETWEEN-Cast.pdf\" style=\"color: white;\">Pol\u00edtica de Canal de Alerta \u00c9tica<\/a><\/strong> en la que se garantiza un canal con total garant\u00eda de privacidad y confidencialidad para reportar irregularidades \u00e9ticas.\u00a0 Recalcar que dicho canal garantiza la privacidad tanto para el\/la denunciante como para la persona o empresa afectada\n\nEst\u00e1 dise\u00f1ado para brindar a los empleados, proveedores, clientes u otros interesados una forma segura y confidencial de informar sobre preocupaciones \u00e9ticas, tales como fraude, corrupci\u00f3n, discriminaci\u00f3n, acoso, maltrato, entre otros.\n\nEl <strong>objetivo final<\/strong> es fomentar una cultura de integridad y transparencia y permitir a Hopla! resolver estos problemas de manera efectiva.\t\t\t\t\t\t\t\t<\/div>\n\t\t\t\t<\/div>\n\t\t\t\t<\/div>\n\t\t\t\t\t<\/div>\n\t\t\t\t<\/div>\n\t\t<div class=\"elementor-element elementor-element-4ce650c e-flex e-con-boxed e-con e-parent\" data-id=\"4ce650c\" data-element_type=\"container\" data-e-type=\"container\">\n\t\t\t\t\t<div class=\"e-con-inner\">\n\t\t<div class=\"elementor-element elementor-element-f1038f9 e-con-full e-flex e-con e-child\" data-id=\"f1038f9\" data-element_type=\"container\" data-e-type=\"container\">\n\t\t\t\t<div class=\"elementor-element elementor-element-90088e5 elementor-widget elementor-widget-heading\" data-id=\"90088e5\" data-element_type=\"widget\" data-e-type=\"widget\" data-widget_type=\"heading.default\">\n\t\t\t\t<div class=\"elementor-widget-container\">\n\t\t\t\t\t<h2 class=\"elementor-heading-title elementor-size-default\">Bienvenido a nuestro\nCanal de Alerta \u00c9tica.<\/h2>\t\t\t\t<\/div>\n\t\t\t\t<\/div>\n\t\t\t\t<div class=\"elementor-element elementor-element-454a6e4 elementor-widget elementor-widget-text-editor\" data-id=\"454a6e4\" data-element_type=\"widget\" data-e-type=\"widget\" data-widget_type=\"text-editor.default\">\n\t\t\t\t<div class=\"elementor-widget-container\">\n\t\t\t\t\t\t\t\t\t<p>Si tiene una comunicaci\u00f3n que realizar,<br \/>complete el siguiente formulario.\u00a0<\/p>\t\t\t\t\t\t\t\t<\/div>\n\t\t\t\t<\/div>\n\t\t\t\t<\/div>\n\t\t<div class=\"elementor-element elementor-element-7e4d7f5 e-con-full e-flex e-con e-child\" data-id=\"7e4d7f5\" data-element_type=\"container\" data-e-type=\"container\">\n\t\t\t\t<\/div>\n\t\t\t\t\t<\/div>\n\t\t\t\t<\/div>\n\t\t<div class=\"elementor-element elementor-element-48b3410 e-flex e-con-boxed e-con e-parent\" data-id=\"48b3410\" data-element_type=\"container\" data-e-type=\"container\" data-settings=\"{&quot;background_background&quot;:&quot;classic&quot;}\">\n\t\t\t\t\t<div class=\"e-con-inner\">\n\t\t\t\t<div class=\"elementor-element elementor-element-f732a21 elementor-widget elementor-widget-html\" data-id=\"f732a21\" data-element_type=\"widget\" data-e-type=\"widget\" data-widget_type=\"html.default\">\n\t\t\t\t<div class=\"elementor-widget-container\">\n\t\t\t\t\t<iframe allowtransparency=\"true\" style=\"background-color: transparent;\"  name=\"form-complaint\" allow=\"microphone\" src=\"https:\/\/c426b68a835c727f72c6.canal.h2c.app\/new-form.html#\" frameborder=\"0\" border=\"0\" width=\"100%\" height=\"800\"><\/iframe>\t\t\t\t<\/div>\n\t\t\t\t<\/div>\n\t\t\t\t\t<\/div>\n\t\t\t\t<\/div>\n\t\t\t\t<\/div>","protected":false},"excerpt":{"rendered":"<p>Canal \u00e9tico En Hopla! estamos comprometidos desde el primer d\u00eda en respetar el cumplimiento del Plan de Igualdad, un elemento clave de nuestros valores como compa\u00f1\u00eda. Uno de los pilares b\u00e1sicos de nuestra forma de trabajar se centra en la igualdad de oportunidades. Con el fin de poder desarrollar todo su potencial profesional tod@s nuestr@s [&hellip;]<\/p>\n","protected":false},"author":3,"featured_media":0,"parent":0,"menu_order":0,"comment_status":"closed","ping_status":"closed","template":"","meta":{"_acf_changed":false,"footnotes":""},"class_list":["post-12251","page","type-page","status-publish","hentry"],"acf":[],"yoast_head":"<!-- This site is optimized with the Yoast SEO Premium plugin v23.4 (Yoast SEO v27.4) - https:\/\/yoast.com\/product\/yoast-seo-premium-wordpress\/ -->\n<title>Canal de alerta \u00e9tica | Hopla! Tech<\/title>\n<meta name=\"robots\" content=\"noindex, nofollow\" \/>\n<meta property=\"og:locale\" content=\"en_GB\" \/>\n<meta property=\"og:type\" content=\"article\" \/>\n<meta property=\"og:title\" content=\"Canal de alerta \u00e9tica\" \/>\n<meta property=\"og:description\" content=\"Canal \u00e9tico En Hopla! estamos comprometidos desde el primer d\u00eda en respetar el cumplimiento del Plan de Igualdad, un elemento clave de nuestros valores como compa\u00f1\u00eda. Uno de los pilares b\u00e1sicos de nuestra forma de trabajar se centra en la igualdad de oportunidades. Con el fin de poder desarrollar todo su potencial profesional tod@s nuestr@s [&hellip;]\" \/>\n<meta property=\"og:url\" content=\"https:\/\/hopla.tech\/en\/canal-de-alerta-etica\/\" \/>\n<meta property=\"og:site_name\" content=\"Hopla! Tech\" \/>\n<meta property=\"article:modified_time\" content=\"2025-06-30T15:11:56+00:00\" \/>\n<meta property=\"og:image\" content=\"https:\/\/hopla.tech\/wp-content\/uploads\/2025\/06\/canal-de-etica.webp\" \/>\n\t<meta property=\"og:image:width\" content=\"1024\" \/>\n\t<meta property=\"og:image:height\" content=\"1024\" \/>\n\t<meta property=\"og:image:type\" content=\"image\/webp\" \/>\n<meta name=\"twitter:card\" content=\"summary_large_image\" \/>\n<meta name=\"twitter:site\" content=\"@HoplaSoftware\" \/>\n<meta name=\"twitter:label1\" content=\"Estimated reading time\" \/>\n\t<meta name=\"twitter:data1\" content=\"2 minutes\" \/>\n<script type=\"application\/ld+json\" class=\"yoast-schema-graph\">{\"@context\":\"https:\\\/\\\/schema.org\",\"@graph\":[{\"@type\":\"WebPage\",\"@id\":\"https:\\\/\\\/hopla.tech\\\/canal-de-alerta-etica\\\/\",\"url\":\"https:\\\/\\\/hopla.tech\\\/canal-de-alerta-etica\\\/\",\"name\":\"Canal de alerta \u00e9tica | Hopla! Tech\",\"isPartOf\":{\"@id\":\"https:\\\/\\\/hopla.tech\\\/#website\"},\"primaryImageOfPage\":{\"@id\":\"https:\\\/\\\/hopla.tech\\\/canal-de-alerta-etica\\\/#primaryimage\"},\"image\":{\"@id\":\"https:\\\/\\\/hopla.tech\\\/canal-de-alerta-etica\\\/#primaryimage\"},\"thumbnailUrl\":\"https:\\\/\\\/hopla.tech\\\/wp-content\\\/uploads\\\/2025\\\/06\\\/canal-de-etica.webp\",\"datePublished\":\"2024-07-11T08:53:51+00:00\",\"dateModified\":\"2025-06-30T15:11:56+00:00\",\"breadcrumb\":{\"@id\":\"https:\\\/\\\/hopla.tech\\\/canal-de-alerta-etica\\\/#breadcrumb\"},\"inLanguage\":\"en-GB\",\"potentialAction\":[{\"@type\":\"ReadAction\",\"target\":[\"https:\\\/\\\/hopla.tech\\\/canal-de-alerta-etica\\\/\"]}]},{\"@type\":\"ImageObject\",\"inLanguage\":\"en-GB\",\"@id\":\"https:\\\/\\\/hopla.tech\\\/canal-de-alerta-etica\\\/#primaryimage\",\"url\":\"https:\\\/\\\/hopla.tech\\\/wp-content\\\/uploads\\\/2025\\\/06\\\/canal-de-etica.webp\",\"contentUrl\":\"https:\\\/\\\/hopla.tech\\\/wp-content\\\/uploads\\\/2025\\\/06\\\/canal-de-etica.webp\"},{\"@type\":\"BreadcrumbList\",\"@id\":\"https:\\\/\\\/hopla.tech\\\/canal-de-alerta-etica\\\/#breadcrumb\",\"itemListElement\":[{\"@type\":\"ListItem\",\"position\":1,\"name\":\"Portada\",\"item\":\"https:\\\/\\\/hopla.tech\\\/\"},{\"@type\":\"ListItem\",\"position\":2,\"name\":\"Canal de alerta \u00e9tica\"}]},{\"@type\":\"WebSite\",\"@id\":\"https:\\\/\\\/hopla.tech\\\/#website\",\"url\":\"https:\\\/\\\/hopla.tech\\\/\",\"name\":\"Hopla! Tech\",\"description\":\"The enterprise software and consultancy company\",\"publisher\":{\"@id\":\"https:\\\/\\\/hopla.tech\\\/#organization\"},\"alternateName\":\"Hopla!\",\"potentialAction\":[{\"@type\":\"SearchAction\",\"target\":{\"@type\":\"EntryPoint\",\"urlTemplate\":\"https:\\\/\\\/hopla.tech\\\/?s={search_term_string}\"},\"query-input\":{\"@type\":\"PropertyValueSpecification\",\"valueRequired\":true,\"valueName\":\"search_term_string\"}}],\"inLanguage\":\"en-GB\"},{\"@type\":\"Organization\",\"@id\":\"https:\\\/\\\/hopla.tech\\\/#organization\",\"name\":\"Hopla! Tech\",\"alternateName\":\"Hopla!\",\"url\":\"https:\\\/\\\/hopla.tech\\\/\",\"logo\":{\"@type\":\"ImageObject\",\"inLanguage\":\"en-GB\",\"@id\":\"https:\\\/\\\/hopla.tech\\\/#\\\/schema\\\/logo\\\/image\\\/\",\"url\":\"https:\\\/\\\/hopla.tech\\\/wp-content\\\/uploads\\\/2025\\\/12\\\/Hopla-by-BTW-b-3.webp\",\"contentUrl\":\"https:\\\/\\\/hopla.tech\\\/wp-content\\\/uploads\\\/2025\\\/12\\\/Hopla-by-BTW-b-3.webp\",\"width\":274,\"height\":115,\"caption\":\"Hopla! Tech\"},\"image\":{\"@id\":\"https:\\\/\\\/hopla.tech\\\/#\\\/schema\\\/logo\\\/image\\\/\"},\"sameAs\":[\"https:\\\/\\\/x.com\\\/HoplaSoftware\",\"https:\\\/\\\/www.linkedin.com\\\/company\\\/hopla-software\\\/\",\"https:\\\/\\\/www.youtube.com\\\/@hoplasoftware7485\"]}]}<\/script>\n<!-- \/ Yoast SEO Premium plugin. -->","yoast_head_json":{"title":"Canal de alerta \u00e9tica | Hopla! Tech","robots":{"index":"noindex","follow":"nofollow"},"og_locale":"en_GB","og_type":"article","og_title":"Canal de alerta \u00e9tica","og_description":"Canal \u00e9tico En Hopla! estamos comprometidos desde el primer d\u00eda en respetar el cumplimiento del Plan de Igualdad, un elemento clave de nuestros valores como compa\u00f1\u00eda. Uno de los pilares b\u00e1sicos de nuestra forma de trabajar se centra en la igualdad de oportunidades. Con el fin de poder desarrollar todo su potencial profesional tod@s nuestr@s [&hellip;]","og_url":"https:\/\/hopla.tech\/en\/canal-de-alerta-etica\/","og_site_name":"Hopla! Tech","article_modified_time":"2025-06-30T15:11:56+00:00","og_image":[{"width":1024,"height":1024,"url":"https:\/\/hopla.tech\/wp-content\/uploads\/2025\/06\/canal-de-etica.webp","type":"image\/webp"}],"twitter_card":"summary_large_image","twitter_site":"@HoplaSoftware","twitter_misc":{"Estimated reading time":"2 minutes"},"schema":{"@context":"https:\/\/schema.org","@graph":[{"@type":"WebPage","@id":"https:\/\/hopla.tech\/canal-de-alerta-etica\/","url":"https:\/\/hopla.tech\/canal-de-alerta-etica\/","name":"Canal de alerta \u00e9tica | Hopla! Tech","isPartOf":{"@id":"https:\/\/hopla.tech\/#website"},"primaryImageOfPage":{"@id":"https:\/\/hopla.tech\/canal-de-alerta-etica\/#primaryimage"},"image":{"@id":"https:\/\/hopla.tech\/canal-de-alerta-etica\/#primaryimage"},"thumbnailUrl":"https:\/\/hopla.tech\/wp-content\/uploads\/2025\/06\/canal-de-etica.webp","datePublished":"2024-07-11T08:53:51+00:00","dateModified":"2025-06-30T15:11:56+00:00","breadcrumb":{"@id":"https:\/\/hopla.tech\/canal-de-alerta-etica\/#breadcrumb"},"inLanguage":"en-GB","potentialAction":[{"@type":"ReadAction","target":["https:\/\/hopla.tech\/canal-de-alerta-etica\/"]}]},{"@type":"ImageObject","inLanguage":"en-GB","@id":"https:\/\/hopla.tech\/canal-de-alerta-etica\/#primaryimage","url":"https:\/\/hopla.tech\/wp-content\/uploads\/2025\/06\/canal-de-etica.webp","contentUrl":"https:\/\/hopla.tech\/wp-content\/uploads\/2025\/06\/canal-de-etica.webp"},{"@type":"BreadcrumbList","@id":"https:\/\/hopla.tech\/canal-de-alerta-etica\/#breadcrumb","itemListElement":[{"@type":"ListItem","position":1,"name":"Portada","item":"https:\/\/hopla.tech\/"},{"@type":"ListItem","position":2,"name":"Canal de alerta \u00e9tica"}]},{"@type":"WebSite","@id":"https:\/\/hopla.tech\/#website","url":"https:\/\/hopla.tech\/","name":"Hopla! Tech","description":"The enterprise software and consultancy company","publisher":{"@id":"https:\/\/hopla.tech\/#organization"},"alternateName":"Hopla!","potentialAction":[{"@type":"SearchAction","target":{"@type":"EntryPoint","urlTemplate":"https:\/\/hopla.tech\/?s={search_term_string}"},"query-input":{"@type":"PropertyValueSpecification","valueRequired":true,"valueName":"search_term_string"}}],"inLanguage":"en-GB"},{"@type":"Organization","@id":"https:\/\/hopla.tech\/#organization","name":"Hopla! Tech","alternateName":"Hopla!","url":"https:\/\/hopla.tech\/","logo":{"@type":"ImageObject","inLanguage":"en-GB","@id":"https:\/\/hopla.tech\/#\/schema\/logo\/image\/","url":"https:\/\/hopla.tech\/wp-content\/uploads\/2025\/12\/Hopla-by-BTW-b-3.webp","contentUrl":"https:\/\/hopla.tech\/wp-content\/uploads\/2025\/12\/Hopla-by-BTW-b-3.webp","width":274,"height":115,"caption":"Hopla! Tech"},"image":{"@id":"https:\/\/hopla.tech\/#\/schema\/logo\/image\/"},"sameAs":["https:\/\/x.com\/HoplaSoftware","https:\/\/www.linkedin.com\/company\/hopla-software\/","https:\/\/www.youtube.com\/@hoplasoftware7485"]}]}},"_links":{"self":[{"href":"https:\/\/hopla.tech\/en\/wp-json\/wp\/v2\/pages\/12251","targetHints":{"allow":["GET"]}}],"collection":[{"href":"https:\/\/hopla.tech\/en\/wp-json\/wp\/v2\/pages"}],"about":[{"href":"https:\/\/hopla.tech\/en\/wp-json\/wp\/v2\/types\/page"}],"author":[{"embeddable":true,"href":"https:\/\/hopla.tech\/en\/wp-json\/wp\/v2\/users\/3"}],"replies":[{"embeddable":true,"href":"https:\/\/hopla.tech\/en\/wp-json\/wp\/v2\/comments?post=12251"}],"version-history":[{"count":25,"href":"https:\/\/hopla.tech\/en\/wp-json\/wp\/v2\/pages\/12251\/revisions"}],"predecessor-version":[{"id":14786,"href":"https:\/\/hopla.tech\/en\/wp-json\/wp\/v2\/pages\/12251\/revisions\/14786"}],"wp:attachment":[{"href":"https:\/\/hopla.tech\/en\/wp-json\/wp\/v2\/media?parent=12251"}],"curies":[{"name":"wp","href":"https:\/\/api.w.org\/{rel}","templated":true}]}}