{"id":12326,"date":"2024-07-11T11:42:36","date_gmt":"2024-07-11T09:42:36","guid":{"rendered":"https:\/\/hopla.tech\/?page_id=12326"},"modified":"2024-10-18T10:26:09","modified_gmt":"2024-10-18T08:26:09","slug":"aviso-legal","status":"publish","type":"page","link":"https:\/\/hopla.tech\/en\/aviso-legal\/","title":{"rendered":"Legal warning"},"content":{"rendered":"<p><strong>HOPLA SOFTWARE S.L., provisto con NIF\/CIF B86671708, direcci\u00f3n C\/ Don Quijote 1, 28020 \u2013 Madrid&nbsp;(Madrid),<\/strong>&nbsp;no puede asumir ninguna responsabilidad derivada del uso incorrecto, inapropiado o il\u00edcito de la informaci\u00f3n&nbsp;aparecida en las p\u00e1ginas de Internet de hopla.tech.<\/p>\n\n\n\n<p>Con los l\u00edmites establecidos en la ley, hopla.tech no asume ninguna responsabilidad derivada de la falta&nbsp;de veracidad, integridad, actualizaci\u00f3n y precisi\u00f3n de los datos o informaciones que se contienen en sus p\u00e1ginas de&nbsp;Internet.<\/p>\n\n\n\n<p>Los contenidos e informaci\u00f3n no vinculan a hopla.tech ni constituyen opiniones, consejos o asesoramiento legal de ning\u00fan tipo pues se trata meramente de un servicio ofrecido con car\u00e1cter informativo y&nbsp;divulgativo.<\/p>\n\n\n\n<p>Las p\u00e1ginas de Internet de hopla.tech pueden contener enlaces (links) a otras p\u00e1ginas de terceras partes&nbsp;que hopla.tech no puede controlar. Por lo tanto, hopla.tech no puede asumir&nbsp;responsabilidades por el contenido que pueda aparecer en p\u00e1ginas de terceros.<\/p>\n\n\n\n<p>Los textos, im\u00e1genes, sonidos, animaciones, software y el resto de contenidos incluidos en este website son propiedad&nbsp;exclusiva de hopla.tech o sus licenciantes. Cualquier acto de transmisi\u00f3n, distribuci\u00f3n, cesi\u00f3n,&nbsp;reproducci\u00f3n, almacenamiento o comunicaci\u00f3n p\u00fablica total o parcial, debe contar con el consentimiento expreso de&nbsp;hopla.tech.<\/p>\n\n\n\n<p>Asimismo, para acceder a algunos de los servicios que hopla.tech ofrece a trav\u00e9s del website deber\u00e1&nbsp;proporcionar algunos datos de car\u00e1cter personal.&nbsp;<strong>In compliance with Regulation (EU) 2016\/679 of the European Parliament and of the Council, of 27 April 2016,<\/strong>&nbsp;relativo a la protecci\u00f3n de las personas f\u00edsicas en lo que&nbsp;respecta al tratamiento de datos personales y a la libre circulaci\u00f3n de estos datos le informamos que, mediante la&nbsp;cumplimentaci\u00f3n de los presentes formularios, sus datos personales quedar\u00e1n incorporados y ser\u00e1n tratados en los&nbsp;ficheros de HOPLA SOFTWARE S.L. con el fin de poderle prestar y ofrecer nuestros servicios as\u00ed como para informarle&nbsp;de las mejoras del sitio Web.<\/p>\n\n\n\n<p>Asimismo, le informamos de la posibilidad de que ejerza los derechos de acceso,\u00a0rectificaci\u00f3n, cancelaci\u00f3n y oposici\u00f3n de sus datos de car\u00e1cter personal, manera gratuita mediante\u00a0<strong>email a\u00a0info@hoplasoftware.com o en la direcci\u00f3n C\/ Don Quijote 1, 28020 \u2013 Madrid (Madrid)<\/strong><\/p>","protected":false},"excerpt":{"rendered":"<p>HOPLA SOFTWARE S.L., provisto con NIF\/CIF B86671708, direcci\u00f3n C\/ Don Quijote 1, 28020 \u2013 Madrid&nbsp;(Madrid),&nbsp;no puede asumir ninguna responsabilidad derivada del uso incorrecto, inapropiado o il\u00edcito de la informaci\u00f3n&nbsp;aparecida en las p\u00e1ginas de Internet de hopla.tech. Con los l\u00edmites establecidos en la ley, hopla.tech no asume ninguna responsabilidad derivada de la falta&nbsp;de veracidad, integridad, actualizaci\u00f3n [&hellip;]<\/p>\n","protected":false},"author":3,"featured_media":0,"parent":0,"menu_order":0,"comment_status":"closed","ping_status":"closed","template":"","meta":{"_acf_changed":false,"footnotes":""},"class_list":["post-12326","page","type-page","status-publish","hentry"],"acf":[],"yoast_head":"<!-- This site is optimized with the Yoast SEO Premium plugin v23.4 (Yoast SEO v27.4) - https:\/\/yoast.com\/product\/yoast-seo-premium-wordpress\/ -->\n<title>Aviso Legal | Hopla! Tech<\/title>\n<meta name=\"robots\" content=\"noindex, nofollow\" \/>\n<meta property=\"og:locale\" content=\"en_GB\" \/>\n<meta property=\"og:type\" content=\"article\" \/>\n<meta property=\"og:title\" content=\"Aviso Legal\" \/>\n<meta property=\"og:description\" content=\"HOPLA SOFTWARE S.L., provisto con NIF\/CIF B86671708, direcci\u00f3n C\/ Don Quijote 1, 28020 \u2013 Madrid&nbsp;(Madrid),&nbsp;no puede asumir ninguna responsabilidad derivada del uso incorrecto, inapropiado o il\u00edcito de la informaci\u00f3n&nbsp;aparecida en las p\u00e1ginas de Internet de hopla.tech. Con los l\u00edmites establecidos en la ley, hopla.tech no asume ninguna responsabilidad derivada de la falta&nbsp;de veracidad, integridad, actualizaci\u00f3n [&hellip;]\" \/>\n<meta property=\"og:url\" content=\"https:\/\/hopla.tech\/en\/aviso-legal\/\" \/>\n<meta property=\"og:site_name\" content=\"Hopla! Tech\" \/>\n<meta property=\"article:modified_time\" content=\"2024-10-18T08:26:09+00:00\" \/>\n<meta name=\"twitter:card\" content=\"summary_large_image\" \/>\n<meta name=\"twitter:site\" content=\"@HoplaSoftware\" \/>\n<meta name=\"twitter:label1\" content=\"Estimated reading time\" \/>\n\t<meta name=\"twitter:data1\" content=\"2 minutes\" \/>\n<script type=\"application\/ld+json\" class=\"yoast-schema-graph\">{\"@context\":\"https:\\\/\\\/schema.org\",\"@graph\":[{\"@type\":\"WebPage\",\"@id\":\"https:\\\/\\\/hopla.tech\\\/aviso-legal\\\/\",\"url\":\"https:\\\/\\\/hopla.tech\\\/aviso-legal\\\/\",\"name\":\"Aviso Legal | Hopla! Tech\",\"isPartOf\":{\"@id\":\"https:\\\/\\\/hopla.tech\\\/#website\"},\"datePublished\":\"2024-07-11T09:42:36+00:00\",\"dateModified\":\"2024-10-18T08:26:09+00:00\",\"breadcrumb\":{\"@id\":\"https:\\\/\\\/hopla.tech\\\/aviso-legal\\\/#breadcrumb\"},\"inLanguage\":\"en-GB\",\"potentialAction\":[{\"@type\":\"ReadAction\",\"target\":[\"https:\\\/\\\/hopla.tech\\\/aviso-legal\\\/\"]}]},{\"@type\":\"BreadcrumbList\",\"@id\":\"https:\\\/\\\/hopla.tech\\\/aviso-legal\\\/#breadcrumb\",\"itemListElement\":[{\"@type\":\"ListItem\",\"position\":1,\"name\":\"Portada\",\"item\":\"https:\\\/\\\/hopla.tech\\\/\"},{\"@type\":\"ListItem\",\"position\":2,\"name\":\"Aviso Legal\"}]},{\"@type\":\"WebSite\",\"@id\":\"https:\\\/\\\/hopla.tech\\\/#website\",\"url\":\"https:\\\/\\\/hopla.tech\\\/\",\"name\":\"Hopla! Tech\",\"description\":\"The enterprise software and consultancy company\",\"publisher\":{\"@id\":\"https:\\\/\\\/hopla.tech\\\/#organization\"},\"alternateName\":\"Hopla!\",\"potentialAction\":[{\"@type\":\"SearchAction\",\"target\":{\"@type\":\"EntryPoint\",\"urlTemplate\":\"https:\\\/\\\/hopla.tech\\\/?s={search_term_string}\"},\"query-input\":{\"@type\":\"PropertyValueSpecification\",\"valueRequired\":true,\"valueName\":\"search_term_string\"}}],\"inLanguage\":\"en-GB\"},{\"@type\":\"Organization\",\"@id\":\"https:\\\/\\\/hopla.tech\\\/#organization\",\"name\":\"Hopla! Tech\",\"alternateName\":\"Hopla!\",\"url\":\"https:\\\/\\\/hopla.tech\\\/\",\"logo\":{\"@type\":\"ImageObject\",\"inLanguage\":\"en-GB\",\"@id\":\"https:\\\/\\\/hopla.tech\\\/#\\\/schema\\\/logo\\\/image\\\/\",\"url\":\"https:\\\/\\\/hopla.tech\\\/wp-content\\\/uploads\\\/2025\\\/12\\\/Hopla-by-BTW-b-3.webp\",\"contentUrl\":\"https:\\\/\\\/hopla.tech\\\/wp-content\\\/uploads\\\/2025\\\/12\\\/Hopla-by-BTW-b-3.webp\",\"width\":274,\"height\":115,\"caption\":\"Hopla! Tech\"},\"image\":{\"@id\":\"https:\\\/\\\/hopla.tech\\\/#\\\/schema\\\/logo\\\/image\\\/\"},\"sameAs\":[\"https:\\\/\\\/x.com\\\/HoplaSoftware\",\"https:\\\/\\\/www.linkedin.com\\\/company\\\/hopla-software\\\/\",\"https:\\\/\\\/www.youtube.com\\\/@hoplasoftware7485\"]}]}<\/script>\n<!-- \/ Yoast SEO Premium plugin. -->","yoast_head_json":{"title":"Aviso Legal | Hopla! Tech","robots":{"index":"noindex","follow":"nofollow"},"og_locale":"en_GB","og_type":"article","og_title":"Aviso Legal","og_description":"HOPLA SOFTWARE S.L., provisto con NIF\/CIF B86671708, direcci\u00f3n C\/ Don Quijote 1, 28020 \u2013 Madrid&nbsp;(Madrid),&nbsp;no puede asumir ninguna responsabilidad derivada del uso incorrecto, inapropiado o il\u00edcito de la informaci\u00f3n&nbsp;aparecida en las p\u00e1ginas de Internet de hopla.tech. Con los l\u00edmites establecidos en la ley, hopla.tech no asume ninguna responsabilidad derivada de la falta&nbsp;de veracidad, integridad, actualizaci\u00f3n [&hellip;]","og_url":"https:\/\/hopla.tech\/en\/aviso-legal\/","og_site_name":"Hopla! Tech","article_modified_time":"2024-10-18T08:26:09+00:00","twitter_card":"summary_large_image","twitter_site":"@HoplaSoftware","twitter_misc":{"Estimated reading time":"2 minutes"},"schema":{"@context":"https:\/\/schema.org","@graph":[{"@type":"WebPage","@id":"https:\/\/hopla.tech\/aviso-legal\/","url":"https:\/\/hopla.tech\/aviso-legal\/","name":"Aviso Legal | Hopla! Tech","isPartOf":{"@id":"https:\/\/hopla.tech\/#website"},"datePublished":"2024-07-11T09:42:36+00:00","dateModified":"2024-10-18T08:26:09+00:00","breadcrumb":{"@id":"https:\/\/hopla.tech\/aviso-legal\/#breadcrumb"},"inLanguage":"en-GB","potentialAction":[{"@type":"ReadAction","target":["https:\/\/hopla.tech\/aviso-legal\/"]}]},{"@type":"BreadcrumbList","@id":"https:\/\/hopla.tech\/aviso-legal\/#breadcrumb","itemListElement":[{"@type":"ListItem","position":1,"name":"Portada","item":"https:\/\/hopla.tech\/"},{"@type":"ListItem","position":2,"name":"Aviso Legal"}]},{"@type":"WebSite","@id":"https:\/\/hopla.tech\/#website","url":"https:\/\/hopla.tech\/","name":"Hopla! Tech","description":"The enterprise software and consultancy company","publisher":{"@id":"https:\/\/hopla.tech\/#organization"},"alternateName":"Hopla!","potentialAction":[{"@type":"SearchAction","target":{"@type":"EntryPoint","urlTemplate":"https:\/\/hopla.tech\/?s={search_term_string}"},"query-input":{"@type":"PropertyValueSpecification","valueRequired":true,"valueName":"search_term_string"}}],"inLanguage":"en-GB"},{"@type":"Organization","@id":"https:\/\/hopla.tech\/#organization","name":"Hopla! Tech","alternateName":"Hopla!","url":"https:\/\/hopla.tech\/","logo":{"@type":"ImageObject","inLanguage":"en-GB","@id":"https:\/\/hopla.tech\/#\/schema\/logo\/image\/","url":"https:\/\/hopla.tech\/wp-content\/uploads\/2025\/12\/Hopla-by-BTW-b-3.webp","contentUrl":"https:\/\/hopla.tech\/wp-content\/uploads\/2025\/12\/Hopla-by-BTW-b-3.webp","width":274,"height":115,"caption":"Hopla! Tech"},"image":{"@id":"https:\/\/hopla.tech\/#\/schema\/logo\/image\/"},"sameAs":["https:\/\/x.com\/HoplaSoftware","https:\/\/www.linkedin.com\/company\/hopla-software\/","https:\/\/www.youtube.com\/@hoplasoftware7485"]}]}},"_links":{"self":[{"href":"https:\/\/hopla.tech\/en\/wp-json\/wp\/v2\/pages\/12326","targetHints":{"allow":["GET"]}}],"collection":[{"href":"https:\/\/hopla.tech\/en\/wp-json\/wp\/v2\/pages"}],"about":[{"href":"https:\/\/hopla.tech\/en\/wp-json\/wp\/v2\/types\/page"}],"author":[{"embeddable":true,"href":"https:\/\/hopla.tech\/en\/wp-json\/wp\/v2\/users\/3"}],"replies":[{"embeddable":true,"href":"https:\/\/hopla.tech\/en\/wp-json\/wp\/v2\/comments?post=12326"}],"version-history":[{"count":6,"href":"https:\/\/hopla.tech\/en\/wp-json\/wp\/v2\/pages\/12326\/revisions"}],"predecessor-version":[{"id":13330,"href":"https:\/\/hopla.tech\/en\/wp-json\/wp\/v2\/pages\/12326\/revisions\/13330"}],"wp:attachment":[{"href":"https:\/\/hopla.tech\/en\/wp-json\/wp\/v2\/media?parent=12326"}],"curies":[{"name":"wp","href":"https:\/\/api.w.org\/{rel}","templated":true}]}}