{"id":13332,"date":"2024-10-23T10:04:20","date_gmt":"2024-10-23T08:04:20","guid":{"rendered":"https:\/\/hopla.tech\/?page_id=13332"},"modified":"2026-02-19T16:27:36","modified_gmt":"2026-02-19T15:27:36","slug":"apache-ignite","status":"publish","type":"page","link":"https:\/\/hopla.tech\/en\/apache-ignite\/","title":{"rendered":"Apache Ignite"},"content":{"rendered":"<div data-elementor-type=\"wp-page\" data-elementor-id=\"13332\" class=\"elementor elementor-13332\" data-elementor-post-type=\"page\">\n\t\t\t\t<div class=\"elementor-element elementor-element-568bee22 e-con-full e-flex e-con e-parent\" data-id=\"568bee22\" data-element_type=\"container\" data-e-type=\"container\" data-settings=\"{&quot;background_background&quot;:&quot;classic&quot;}\">\n\t\t<div class=\"elementor-element elementor-element-3b5cff4c e-flex e-con-boxed e-con e-child\" data-id=\"3b5cff4c\" data-element_type=\"container\" data-e-type=\"container\" data-settings=\"{&quot;background_background&quot;:&quot;classic&quot;}\">\n\t\t\t\t\t<div class=\"e-con-inner\">\n\t\t\t\t<div class=\"elementor-element elementor-element-490ca4ea elementor-widget elementor-widget-heading\" data-id=\"490ca4ea\" data-element_type=\"widget\" data-e-type=\"widget\" data-widget_type=\"heading.default\">\n\t\t\t\t<div class=\"elementor-widget-container\">\n\t\t\t\t\t<h1 class=\"elementor-heading-title elementor-size-default\">Apache Ignite<\/h1>\t\t\t\t<\/div>\n\t\t\t\t<\/div>\n\t\t\t\t<div class=\"elementor-element elementor-element-1cc8914b elementor-widget__width-inherit elementor-widget elementor-widget-image\" data-id=\"1cc8914b\" data-element_type=\"widget\" data-e-type=\"widget\" data-widget_type=\"image.default\">\n\t\t\t\t<div class=\"elementor-widget-container\">\n\t\t\t\t\t\t\t\t\t\t\t\t\t\t\t<img fetchpriority=\"high\" decoding=\"async\" width=\"1000\" height=\"500\" src=\"https:\/\/hopla.tech\/wp-content\/uploads\/2026\/02\/apache-ignite-tecnologia-logo-hopla.png\" class=\"attachment-full size-full wp-image-17140\" alt=\"\" \/>\t\t\t\t\t\t\t\t\t\t\t\t\t\t\t<\/div>\n\t\t\t\t<\/div>\n\t\t\t\t\t<\/div>\n\t\t\t\t<\/div>\n\t\t<div class=\"elementor-element elementor-element-2af63605 e-flex e-con-boxed e-con e-child\" data-id=\"2af63605\" data-element_type=\"container\" data-e-type=\"container\">\n\t\t\t\t\t<div class=\"e-con-inner\">\n\t\t\t\t<div class=\"elementor-element elementor-element-182348bb elementor-widget__width-initial elementor-widget elementor-widget-heading\" data-id=\"182348bb\" data-element_type=\"widget\" data-e-type=\"widget\" data-widget_type=\"heading.default\">\n\t\t\t\t<div class=\"elementor-widget-container\">\n\t\t\t\t\t<h2 class=\"elementor-heading-title elementor-size-default\">Base de datos distribuida For High-Performance Computing con In-Memory Speed\n<\/h2>\t\t\t\t<\/div>\n\t\t\t\t<\/div>\n\t\t\t\t<div class=\"elementor-element elementor-element-ef85667 elementor-widget elementor-widget-image\" data-id=\"ef85667\" data-element_type=\"widget\" data-e-type=\"widget\" data-widget_type=\"image.default\">\n\t\t\t\t<div class=\"elementor-widget-container\">\n\t\t\t\t\t\t\t\t\t\t\t\t\t\t\t<img decoding=\"async\" width=\"277\" height=\"171\" src=\"https:\/\/hopla.tech\/wp-content\/uploads\/2024\/10\/apache-ignite-big-1.webp\" class=\"attachment-large size-large wp-image-13338\" alt=\"\" \/>\t\t\t\t\t\t\t\t\t\t\t\t\t\t\t<\/div>\n\t\t\t\t<\/div>\n\t\t\t\t<div class=\"elementor-element elementor-element-6742b1ba elementor-widget elementor-widget-button\" data-id=\"6742b1ba\" data-element_type=\"widget\" data-e-type=\"widget\" data-widget_type=\"button.default\">\n\t\t\t\t<div class=\"elementor-widget-container\">\n\t\t\t\t\t\t\t\t\t<div class=\"elementor-button-wrapper\">\n\t\t\t\t\t<a class=\"elementor-button elementor-button-link elementor-size-sm\" href=\"#formulario-pie\">\n\t\t\t\t\t\t<span class=\"elementor-button-content-wrapper\">\n\t\t\t\t\t\t\t\t\t<span class=\"elementor-button-text\">Contact<\/span>\n\t\t\t\t\t<\/span>\n\t\t\t\t\t<\/a>\n\t\t\t\t<\/div>\n\t\t\t\t\t\t\t\t<\/div>\n\t\t\t\t<\/div>\n\t\t\t\t\t<\/div>\n\t\t\t\t<\/div>\n\t\t\t\t<\/div>\n\t\t<div class=\"elementor-element elementor-element-97cfb0e e-flex e-con-boxed e-con e-parent\" data-id=\"97cfb0e\" data-element_type=\"container\" data-e-type=\"container\">\n\t\t\t\t\t<div class=\"e-con-inner\">\n\t\t<div class=\"elementor-element elementor-element-1ed2b4c e-con-full e-flex e-con e-child\" data-id=\"1ed2b4c\" data-element_type=\"container\" data-e-type=\"container\">\n\t\t\t\t<div class=\"elementor-element elementor-element-c6a7179 elementor-widget elementor-widget-image\" data-id=\"c6a7179\" data-element_type=\"widget\" data-e-type=\"widget\" data-widget_type=\"image.default\">\n\t\t\t\t<div class=\"elementor-widget-container\">\n\t\t\t\t\t\t\t\t\t\t\t\t\t\t\t<img decoding=\"async\" width=\"552\" height=\"374\" src=\"https:\/\/hopla.tech\/wp-content\/uploads\/2024\/10\/Captura-de-pantalla-2024-10-23-a-las-9.44.44.webp\" class=\"attachment-large size-large wp-image-13335\" alt=\"Apache Ignite Apps\" \/>\t\t\t\t\t\t\t\t\t\t\t\t\t\t\t<\/div>\n\t\t\t\t<\/div>\n\t\t\t\t<\/div>\n\t\t<div class=\"elementor-element elementor-element-1613fb3 e-con-full e-flex e-con e-child\" data-id=\"1613fb3\" data-element_type=\"container\" data-e-type=\"container\">\n\t\t\t\t<div class=\"elementor-element elementor-element-22ef383 elementor-widget elementor-widget-heading\" data-id=\"22ef383\" data-element_type=\"widget\" data-e-type=\"widget\" data-widget_type=\"heading.default\">\n\t\t\t\t<div class=\"elementor-widget-container\">\n\t\t\t\t\t<h2 class=\"elementor-heading-title elementor-size-default\">Aceleraci\u00f3n de aplicaciones y almacenamiento de datos en cach\u00e9<\/h2>\t\t\t\t<\/div>\n\t\t\t\t<\/div>\n\t\t\t\t<div class=\"elementor-element elementor-element-286b1bd elementor-widget elementor-widget-text-editor\" data-id=\"286b1bd\" data-element_type=\"widget\" data-e-type=\"widget\" data-widget_type=\"text-editor.default\">\n\t\t\t\t<div class=\"elementor-widget-container\">\n\t\t\t\t\t\t\t\t\t<p><span style=\"font-weight: 400;\">Acelera x100 tus aplicaciones existentes utilizando <a href=\"https:\/\/ignite.apache.org\/\" target=\"_blank\" rel=\"noopener\">Ignite<\/a> como cach\u00e9 in-memory o data grid in-memory. Piensa en una cach\u00e9 en la que se pueda consultar con SQL, realizar transacciones y calcular.<\/span><\/p>\t\t\t\t\t\t\t\t<\/div>\n\t\t\t\t<\/div>\n\t\t\t\t<\/div>\n\t\t\t\t\t<\/div>\n\t\t\t\t<\/div>\n\t\t<div class=\"elementor-element elementor-element-cfce1a3 e-flex e-con-boxed e-con e-parent\" data-id=\"cfce1a3\" data-element_type=\"container\" data-e-type=\"container\">\n\t\t\t\t\t<div class=\"e-con-inner\">\n\t\t<div class=\"elementor-element elementor-element-c737198 e-con-full e-flex e-con e-child\" data-id=\"c737198\" data-element_type=\"container\" data-e-type=\"container\">\n\t\t\t\t<div class=\"elementor-element elementor-element-2ff0561 elementor-widget elementor-widget-heading\" data-id=\"2ff0561\" data-element_type=\"widget\" data-e-type=\"widget\" data-widget_type=\"heading.default\">\n\t\t\t\t<div class=\"elementor-widget-container\">\n\t\t\t\t\t<h2 class=\"elementor-heading-title elementor-size-default\">Base de datos para cargas de trabajo mixtas<\/h2>\t\t\t\t<\/div>\n\t\t\t\t<\/div>\n\t\t\t\t<div class=\"elementor-element elementor-element-245f781 elementor-widget elementor-widget-text-editor\" data-id=\"245f781\" data-element_type=\"widget\" data-e-type=\"widget\" data-widget_type=\"text-editor.default\">\n\t\t\t\t<div class=\"elementor-widget-container\">\n\t\t\t\t\t\t\t\t\t<p><span style=\"font-weight: 400;\">Crea aplicaciones modernas que admitan cargas de trabajo anal\u00edticas y transaccionales utilizando Ignite como una base de datos que se ampl\u00eda m\u00e1s all\u00e1 de la capacidad de memoria disponible. Ignite asigna memoria para sus datos activos y va al disco cada vez que las aplicaciones consultan registros fr\u00edos.<\/span><\/p>\t\t\t\t\t\t\t\t<\/div>\n\t\t\t\t<\/div>\n\t\t\t\t<\/div>\n\t\t<div class=\"elementor-element elementor-element-398ee46 e-con-full e-flex e-con e-child\" data-id=\"398ee46\" data-element_type=\"container\" data-e-type=\"container\">\n\t\t\t\t<div class=\"elementor-element elementor-element-2f13fb3 elementor-widget elementor-widget-image\" data-id=\"2f13fb3\" data-element_type=\"widget\" data-e-type=\"widget\" data-widget_type=\"image.default\">\n\t\t\t\t<div class=\"elementor-widget-container\">\n\t\t\t\t\t\t\t\t\t\t\t\t\t\t\t<img loading=\"lazy\" decoding=\"async\" width=\"438\" height=\"334\" src=\"https:\/\/hopla.tech\/wp-content\/uploads\/2024\/10\/Captura-de-pantalla-2024-10-23-a-las-9.47.38.webp\" class=\"attachment-large size-large wp-image-13336\" alt=\"Apache Ignite Alto rendimiento\" \/>\t\t\t\t\t\t\t\t\t\t\t\t\t\t\t<\/div>\n\t\t\t\t<\/div>\n\t\t\t\t<\/div>\n\t\t\t\t\t<\/div>\n\t\t\t\t<\/div>\n\t\t<div class=\"elementor-element elementor-element-c02e44c e-flex e-con-boxed e-con e-parent\" data-id=\"c02e44c\" data-element_type=\"container\" data-e-type=\"container\">\n\t\t\t\t\t<div class=\"e-con-inner\">\n\t\t<div class=\"elementor-element elementor-element-ad7618a e-con-full e-flex e-con e-child\" data-id=\"ad7618a\" data-element_type=\"container\" data-e-type=\"container\">\n\t\t\t\t<div class=\"elementor-element elementor-element-6f2fe5d elementor-widget elementor-widget-image\" data-id=\"6f2fe5d\" data-element_type=\"widget\" data-e-type=\"widget\" data-widget_type=\"image.default\">\n\t\t\t\t<div class=\"elementor-widget-container\">\n\t\t\t\t\t\t\t\t\t\t\t\t\t\t\t<img loading=\"lazy\" decoding=\"async\" width=\"381\" height=\"274\" src=\"https:\/\/hopla.tech\/wp-content\/uploads\/2024\/10\/Captura-de-pantalla-2024-10-23-a-las-9.50.12.webp\" class=\"attachment-large size-large wp-image-13337\" alt=\"Alto rendimiento\" \/>\t\t\t\t\t\t\t\t\t\t\t\t\t\t\t<\/div>\n\t\t\t\t<\/div>\n\t\t\t\t<\/div>\n\t\t<div class=\"elementor-element elementor-element-cb7db54 e-con-full e-flex e-con e-child\" data-id=\"cb7db54\" data-element_type=\"container\" data-e-type=\"container\">\n\t\t\t\t<div class=\"elementor-element elementor-element-c4b43e4 elementor-widget elementor-widget-heading\" data-id=\"c4b43e4\" data-element_type=\"widget\" data-e-type=\"widget\" data-widget_type=\"heading.default\">\n\t\t\t\t<div class=\"elementor-widget-container\">\n\t\t\t\t\t<h2 class=\"elementor-heading-title elementor-size-default\">Computaci\u00f3n de alto rendimiento\n<\/h2>\t\t\t\t<\/div>\n\t\t\t\t<\/div>\n\t\t\t\t<div class=\"elementor-element elementor-element-f830aec elementor-widget elementor-widget-text-editor\" data-id=\"f830aec\" data-element_type=\"widget\" data-e-type=\"widget\" data-widget_type=\"text-editor.default\">\n\t\t\t\t<div class=\"elementor-widget-container\">\n\t\t\t\t\t\t\t\t\t<p><span style=\"font-weight: 400;\">Ejecuta c\u00f3digo personalizado del tama\u00f1o de un kilobyte en petabytes de datos. Convierte tu base de datos Ignite en una supercomputadora distribuida para c\u00e1lculos de baja latencia, an\u00e1lisis complejos y aprendizaje autom\u00e1tico.<\/span><\/p>\t\t\t\t\t\t\t\t<\/div>\n\t\t\t\t<\/div>\n\t\t\t\t<\/div>\n\t\t\t\t\t<\/div>\n\t\t\t\t<\/div>\n\t\t\t\t<\/div>","protected":false},"excerpt":{"rendered":"<p>Apache Ignite Base de datos distribuida For High-Performance Computing con In-Memory Speed Contacto Aceleraci\u00f3n de aplicaciones y almacenamiento de datos en cach\u00e9 Acelera x100 tus aplicaciones existentes utilizando Ignite como cach\u00e9 in-memory o data grid in-memory. Piensa en una cach\u00e9 en la que se pueda consultar con SQL, realizar transacciones y calcular. Base de datos [&hellip;]<\/p>\n","protected":false},"author":3,"featured_media":0,"parent":0,"menu_order":0,"comment_status":"closed","ping_status":"closed","template":"","meta":{"_acf_changed":false,"footnotes":""},"class_list":["post-13332","page","type-page","status-publish","hentry"],"acf":[],"yoast_head":"<!-- This site is optimized with the Yoast SEO Premium plugin v23.4 (Yoast SEO v27.3) - https:\/\/yoast.com\/product\/yoast-seo-premium-wordpress\/ -->\n<title>Apache Ignite | Hopla! Tech<\/title>\n<meta name=\"description\" content=\"Apache Ignite: Base de datos distribuida For High-Performance Computing con In-Memory Speed. Acelera x100 tus aplicaciones existentes\" \/>\n<meta name=\"robots\" content=\"index, follow, max-snippet:-1, max-image-preview:large, max-video-preview:-1\" \/>\n<link rel=\"canonical\" href=\"https:\/\/hopla.tech\/en\/apache-ignite\/\" \/>\n<meta property=\"og:locale\" content=\"en_GB\" \/>\n<meta property=\"og:type\" content=\"article\" \/>\n<meta property=\"og:title\" content=\"Apache Ignite\" \/>\n<meta property=\"og:description\" content=\"Apache Ignite: Base de datos distribuida For High-Performance Computing con In-Memory Speed. Acelera x100 tus aplicaciones existentes\" \/>\n<meta property=\"og:url\" content=\"https:\/\/hopla.tech\/en\/apache-ignite\/\" \/>\n<meta property=\"og:site_name\" content=\"Hopla! Tech\" \/>\n<meta property=\"article:modified_time\" content=\"2026-02-19T15:27:36+00:00\" \/>\n<meta property=\"og:image\" content=\"https:\/\/hopla.tech\/wp-content\/uploads\/2026\/02\/apache-ignite-tecnologia-logo-hopla.png\" \/>\n<meta name=\"twitter:card\" content=\"summary_large_image\" \/>\n<meta name=\"twitter:site\" content=\"@HoplaSoftware\" \/>\n<meta name=\"twitter:label1\" content=\"Estimated reading time\" \/>\n\t<meta name=\"twitter:data1\" content=\"2 minutes\" \/>\n<script type=\"application\/ld+json\" class=\"yoast-schema-graph\">{\"@context\":\"https:\\\/\\\/schema.org\",\"@graph\":[{\"@type\":\"WebPage\",\"@id\":\"https:\\\/\\\/hopla.tech\\\/apache-ignite\\\/\",\"url\":\"https:\\\/\\\/hopla.tech\\\/apache-ignite\\\/\",\"name\":\"Apache Ignite | Hopla! Tech\",\"isPartOf\":{\"@id\":\"https:\\\/\\\/hopla.tech\\\/#website\"},\"primaryImageOfPage\":{\"@id\":\"https:\\\/\\\/hopla.tech\\\/apache-ignite\\\/#primaryimage\"},\"image\":{\"@id\":\"https:\\\/\\\/hopla.tech\\\/apache-ignite\\\/#primaryimage\"},\"thumbnailUrl\":\"https:\\\/\\\/hopla.tech\\\/wp-content\\\/uploads\\\/2026\\\/02\\\/apache-ignite-tecnologia-logo-hopla.png\",\"datePublished\":\"2024-10-23T08:04:20+00:00\",\"dateModified\":\"2026-02-19T15:27:36+00:00\",\"description\":\"Apache Ignite: Base de datos distribuida For High-Performance Computing con In-Memory Speed. Acelera x100 tus aplicaciones existentes\",\"breadcrumb\":{\"@id\":\"https:\\\/\\\/hopla.tech\\\/apache-ignite\\\/#breadcrumb\"},\"inLanguage\":\"en-GB\",\"potentialAction\":[{\"@type\":\"ReadAction\",\"target\":[\"https:\\\/\\\/hopla.tech\\\/apache-ignite\\\/\"]}]},{\"@type\":\"ImageObject\",\"inLanguage\":\"en-GB\",\"@id\":\"https:\\\/\\\/hopla.tech\\\/apache-ignite\\\/#primaryimage\",\"url\":\"https:\\\/\\\/hopla.tech\\\/wp-content\\\/uploads\\\/2026\\\/02\\\/apache-ignite-tecnologia-logo-hopla.png\",\"contentUrl\":\"https:\\\/\\\/hopla.tech\\\/wp-content\\\/uploads\\\/2026\\\/02\\\/apache-ignite-tecnologia-logo-hopla.png\"},{\"@type\":\"BreadcrumbList\",\"@id\":\"https:\\\/\\\/hopla.tech\\\/apache-ignite\\\/#breadcrumb\",\"itemListElement\":[{\"@type\":\"ListItem\",\"position\":1,\"name\":\"Portada\",\"item\":\"https:\\\/\\\/hopla.tech\\\/\"},{\"@type\":\"ListItem\",\"position\":2,\"name\":\"Apache Ignite\"}]},{\"@type\":\"WebSite\",\"@id\":\"https:\\\/\\\/hopla.tech\\\/#website\",\"url\":\"https:\\\/\\\/hopla.tech\\\/\",\"name\":\"Hopla! Tech\",\"description\":\"The enterprise software and consultancy company\",\"publisher\":{\"@id\":\"https:\\\/\\\/hopla.tech\\\/#organization\"},\"alternateName\":\"Hopla!\",\"potentialAction\":[{\"@type\":\"SearchAction\",\"target\":{\"@type\":\"EntryPoint\",\"urlTemplate\":\"https:\\\/\\\/hopla.tech\\\/?s={search_term_string}\"},\"query-input\":{\"@type\":\"PropertyValueSpecification\",\"valueRequired\":true,\"valueName\":\"search_term_string\"}}],\"inLanguage\":\"en-GB\"},{\"@type\":\"Organization\",\"@id\":\"https:\\\/\\\/hopla.tech\\\/#organization\",\"name\":\"Hopla! Tech\",\"alternateName\":\"Hopla!\",\"url\":\"https:\\\/\\\/hopla.tech\\\/\",\"logo\":{\"@type\":\"ImageObject\",\"inLanguage\":\"en-GB\",\"@id\":\"https:\\\/\\\/hopla.tech\\\/#\\\/schema\\\/logo\\\/image\\\/\",\"url\":\"https:\\\/\\\/hopla.tech\\\/wp-content\\\/uploads\\\/2025\\\/12\\\/Hopla-by-BTW-b-3.webp\",\"contentUrl\":\"https:\\\/\\\/hopla.tech\\\/wp-content\\\/uploads\\\/2025\\\/12\\\/Hopla-by-BTW-b-3.webp\",\"width\":274,\"height\":115,\"caption\":\"Hopla! Tech\"},\"image\":{\"@id\":\"https:\\\/\\\/hopla.tech\\\/#\\\/schema\\\/logo\\\/image\\\/\"},\"sameAs\":[\"https:\\\/\\\/x.com\\\/HoplaSoftware\",\"https:\\\/\\\/www.linkedin.com\\\/company\\\/hopla-software\\\/\",\"https:\\\/\\\/www.youtube.com\\\/@hoplasoftware7485\"]}]}<\/script>\n<!-- \/ Yoast SEO Premium plugin. -->","yoast_head_json":{"title":"Apache Ignite | Hopla! Tech","description":"Apache Ignite: Base de datos distribuida For High-Performance Computing con In-Memory Speed. Acelera x100 tus aplicaciones existentes","robots":{"index":"index","follow":"follow","max-snippet":"max-snippet:-1","max-image-preview":"max-image-preview:large","max-video-preview":"max-video-preview:-1"},"canonical":"https:\/\/hopla.tech\/en\/apache-ignite\/","og_locale":"en_GB","og_type":"article","og_title":"Apache Ignite","og_description":"Apache Ignite: Base de datos distribuida For High-Performance Computing con In-Memory Speed. Acelera x100 tus aplicaciones existentes","og_url":"https:\/\/hopla.tech\/en\/apache-ignite\/","og_site_name":"Hopla! Tech","article_modified_time":"2026-02-19T15:27:36+00:00","og_image":[{"url":"https:\/\/hopla.tech\/wp-content\/uploads\/2026\/02\/apache-ignite-tecnologia-logo-hopla.png","type":"","width":"","height":""}],"twitter_card":"summary_large_image","twitter_site":"@HoplaSoftware","twitter_misc":{"Estimated reading time":"2 minutes"},"schema":{"@context":"https:\/\/schema.org","@graph":[{"@type":"WebPage","@id":"https:\/\/hopla.tech\/apache-ignite\/","url":"https:\/\/hopla.tech\/apache-ignite\/","name":"Apache Ignite | Hopla! Tech","isPartOf":{"@id":"https:\/\/hopla.tech\/#website"},"primaryImageOfPage":{"@id":"https:\/\/hopla.tech\/apache-ignite\/#primaryimage"},"image":{"@id":"https:\/\/hopla.tech\/apache-ignite\/#primaryimage"},"thumbnailUrl":"https:\/\/hopla.tech\/wp-content\/uploads\/2026\/02\/apache-ignite-tecnologia-logo-hopla.png","datePublished":"2024-10-23T08:04:20+00:00","dateModified":"2026-02-19T15:27:36+00:00","description":"Apache Ignite: Base de datos distribuida For High-Performance Computing con In-Memory Speed. Acelera x100 tus aplicaciones existentes","breadcrumb":{"@id":"https:\/\/hopla.tech\/apache-ignite\/#breadcrumb"},"inLanguage":"en-GB","potentialAction":[{"@type":"ReadAction","target":["https:\/\/hopla.tech\/apache-ignite\/"]}]},{"@type":"ImageObject","inLanguage":"en-GB","@id":"https:\/\/hopla.tech\/apache-ignite\/#primaryimage","url":"https:\/\/hopla.tech\/wp-content\/uploads\/2026\/02\/apache-ignite-tecnologia-logo-hopla.png","contentUrl":"https:\/\/hopla.tech\/wp-content\/uploads\/2026\/02\/apache-ignite-tecnologia-logo-hopla.png"},{"@type":"BreadcrumbList","@id":"https:\/\/hopla.tech\/apache-ignite\/#breadcrumb","itemListElement":[{"@type":"ListItem","position":1,"name":"Portada","item":"https:\/\/hopla.tech\/"},{"@type":"ListItem","position":2,"name":"Apache Ignite"}]},{"@type":"WebSite","@id":"https:\/\/hopla.tech\/#website","url":"https:\/\/hopla.tech\/","name":"Hopla! Tech","description":"The enterprise software and consultancy company","publisher":{"@id":"https:\/\/hopla.tech\/#organization"},"alternateName":"Hopla!","potentialAction":[{"@type":"SearchAction","target":{"@type":"EntryPoint","urlTemplate":"https:\/\/hopla.tech\/?s={search_term_string}"},"query-input":{"@type":"PropertyValueSpecification","valueRequired":true,"valueName":"search_term_string"}}],"inLanguage":"en-GB"},{"@type":"Organization","@id":"https:\/\/hopla.tech\/#organization","name":"Hopla! Tech","alternateName":"Hopla!","url":"https:\/\/hopla.tech\/","logo":{"@type":"ImageObject","inLanguage":"en-GB","@id":"https:\/\/hopla.tech\/#\/schema\/logo\/image\/","url":"https:\/\/hopla.tech\/wp-content\/uploads\/2025\/12\/Hopla-by-BTW-b-3.webp","contentUrl":"https:\/\/hopla.tech\/wp-content\/uploads\/2025\/12\/Hopla-by-BTW-b-3.webp","width":274,"height":115,"caption":"Hopla! Tech"},"image":{"@id":"https:\/\/hopla.tech\/#\/schema\/logo\/image\/"},"sameAs":["https:\/\/x.com\/HoplaSoftware","https:\/\/www.linkedin.com\/company\/hopla-software\/","https:\/\/www.youtube.com\/@hoplasoftware7485"]}]}},"_links":{"self":[{"href":"https:\/\/hopla.tech\/en\/wp-json\/wp\/v2\/pages\/13332","targetHints":{"allow":["GET"]}}],"collection":[{"href":"https:\/\/hopla.tech\/en\/wp-json\/wp\/v2\/pages"}],"about":[{"href":"https:\/\/hopla.tech\/en\/wp-json\/wp\/v2\/types\/page"}],"author":[{"embeddable":true,"href":"https:\/\/hopla.tech\/en\/wp-json\/wp\/v2\/users\/3"}],"replies":[{"embeddable":true,"href":"https:\/\/hopla.tech\/en\/wp-json\/wp\/v2\/comments?post=13332"}],"version-history":[{"count":28,"href":"https:\/\/hopla.tech\/en\/wp-json\/wp\/v2\/pages\/13332\/revisions"}],"predecessor-version":[{"id":17143,"href":"https:\/\/hopla.tech\/en\/wp-json\/wp\/v2\/pages\/13332\/revisions\/17143"}],"wp:attachment":[{"href":"https:\/\/hopla.tech\/en\/wp-json\/wp\/v2\/media?parent=13332"}],"curies":[{"name":"wp","href":"https:\/\/api.w.org\/{rel}","templated":true}]}}