{"id":13347,"date":"2024-10-23T10:45:05","date_gmt":"2024-10-23T08:45:05","guid":{"rendered":"https:\/\/hopla.tech\/?page_id=13347"},"modified":"2026-02-19T16:00:25","modified_gmt":"2026-02-19T15:00:25","slug":"apache-cassandra","status":"publish","type":"page","link":"https:\/\/hopla.tech\/en\/apache-cassandra\/","title":{"rendered":"Apache Cassandra"},"content":{"rendered":"<div data-elementor-type=\"wp-page\" data-elementor-id=\"13347\" class=\"elementor elementor-13347\" data-elementor-post-type=\"page\">\n\t\t\t\t<div class=\"elementor-element elementor-element-6713a8d e-con-full e-flex e-con e-parent\" data-id=\"6713a8d\" data-element_type=\"container\" data-e-type=\"container\" data-settings=\"{&quot;background_background&quot;:&quot;classic&quot;}\">\n\t\t<div class=\"elementor-element elementor-element-1e31ccaf e-flex e-con-boxed e-con e-child\" data-id=\"1e31ccaf\" data-element_type=\"container\" data-e-type=\"container\" data-settings=\"{&quot;background_background&quot;:&quot;classic&quot;}\">\n\t\t\t\t\t<div class=\"e-con-inner\">\n\t\t\t\t<div class=\"elementor-element elementor-element-486d34e9 elementor-widget elementor-widget-heading\" data-id=\"486d34e9\" data-element_type=\"widget\" data-e-type=\"widget\" data-widget_type=\"heading.default\">\n\t\t\t\t<div class=\"elementor-widget-container\">\n\t\t\t\t\t<h1 class=\"elementor-heading-title elementor-size-default\">Apache Cassandra<\/h1>\t\t\t\t<\/div>\n\t\t\t\t<\/div>\n\t\t\t\t<div class=\"elementor-element elementor-element-0530293 elementor-widget__width-inherit elementor-widget elementor-widget-image\" data-id=\"0530293\" data-element_type=\"widget\" data-e-type=\"widget\" data-widget_type=\"image.default\">\n\t\t\t\t<div class=\"elementor-widget-container\">\n\t\t\t\t\t\t\t\t\t\t\t\t\t\t\t<img fetchpriority=\"high\" decoding=\"async\" width=\"1000\" height=\"500\" src=\"https:\/\/hopla.tech\/wp-content\/uploads\/2026\/02\/1.png\" class=\"attachment-full size-full wp-image-17126\" alt=\"\" \/>\t\t\t\t\t\t\t\t\t\t\t\t\t\t\t<\/div>\n\t\t\t\t<\/div>\n\t\t\t\t\t<\/div>\n\t\t\t\t<\/div>\n\t\t<div class=\"elementor-element elementor-element-29105f7b e-flex e-con-boxed e-con e-child\" data-id=\"29105f7b\" data-element_type=\"container\" data-e-type=\"container\">\n\t\t\t\t\t<div class=\"e-con-inner\">\n\t\t\t\t<div class=\"elementor-element elementor-element-3ab593fc elementor-widget__width-initial elementor-widget elementor-widget-heading\" data-id=\"3ab593fc\" data-element_type=\"widget\" data-e-type=\"widget\" data-widget_type=\"heading.default\">\n\t\t\t\t<div class=\"elementor-widget-container\">\n\t\t\t\t\t<h2 class=\"elementor-heading-title elementor-size-default\"><strong>Open Source DataBase<\/strong><br>\n<br>\nAdministra r\u00e1pidamente grandes cantidades de datos\n<\/h2>\t\t\t\t<\/div>\n\t\t\t\t<\/div>\n\t\t\t\t<div class=\"elementor-element elementor-element-6c60fbaa elementor-widget elementor-widget-button\" data-id=\"6c60fbaa\" data-element_type=\"widget\" data-e-type=\"widget\" data-widget_type=\"button.default\">\n\t\t\t\t<div class=\"elementor-widget-container\">\n\t\t\t\t\t\t\t\t\t<div class=\"elementor-button-wrapper\">\n\t\t\t\t\t<a class=\"elementor-button elementor-button-link elementor-size-sm\" href=\"#formulario-pie\">\n\t\t\t\t\t\t<span class=\"elementor-button-content-wrapper\">\n\t\t\t\t\t\t\t\t\t<span class=\"elementor-button-text\">Contact<\/span>\n\t\t\t\t\t<\/span>\n\t\t\t\t\t<\/a>\n\t\t\t\t<\/div>\n\t\t\t\t\t\t\t\t<\/div>\n\t\t\t\t<\/div>\n\t\t\t\t\t<\/div>\n\t\t\t\t<\/div>\n\t\t\t\t<\/div>\n\t\t<div class=\"elementor-element elementor-element-f858929 e-flex e-con-boxed e-con e-parent\" data-id=\"f858929\" data-element_type=\"container\" data-e-type=\"container\">\n\t\t\t\t\t<div class=\"e-con-inner\">\n\t\t\t\t<div class=\"elementor-element elementor-element-5b6746f4 elementor-widget elementor-widget-heading\" data-id=\"5b6746f4\" data-element_type=\"widget\" data-e-type=\"widget\" data-widget_type=\"heading.default\">\n\t\t\t\t<div class=\"elementor-widget-container\">\n\t\t\t\t\t<h2 class=\"elementor-heading-title elementor-size-default\">\u00bfQu\u00e9 es Apache Cassandra?<\/h2>\t\t\t\t<\/div>\n\t\t\t\t<\/div>\n\t\t\t\t<div class=\"elementor-element elementor-element-3dee946d elementor-widget__width-initial elementor-widget elementor-widget-text-editor\" data-id=\"3dee946d\" data-element_type=\"widget\" data-e-type=\"widget\" data-widget_type=\"text-editor.default\">\n\t\t\t\t<div class=\"elementor-widget-container\">\n\t\t\t\t\t\t\t\t\t<h3><span style=\"font-weight: 400;\"><a href=\"https:\/\/cassandra.apache.org\/_\/index.html\" target=\"_blank\" rel=\"noopener\">Apache Cassandra<\/a> es una base de datos distribuida NoSQL de c\u00f3digo abierto en la que conf\u00edan miles de empresas por su escalabilidad y alta disponibilidad sin comprometer el rendimiento. La escalabilidad lineal y la tolerancia a fallos probada en hardware b\u00e1sico o infraestructura en la nube la convierten en la plataforma perfecta para datos de misi\u00f3n cr\u00edtica<\/span><\/h3>\t\t\t\t\t\t\t\t<\/div>\n\t\t\t\t<\/div>\n\t\t\t\t\t<\/div>\n\t\t\t\t<\/div>\n\t\t<div class=\"elementor-element elementor-element-e8cbfeb e-flex e-con-boxed e-con e-parent\" data-id=\"e8cbfeb\" data-element_type=\"container\" data-e-type=\"container\" data-settings=\"{&quot;background_background&quot;:&quot;classic&quot;}\">\n\t\t\t\t\t<div class=\"e-con-inner\">\n\t\t<div class=\"elementor-element elementor-element-6bcf904 e-con-full e-flex e-con e-child\" data-id=\"6bcf904\" data-element_type=\"container\" data-e-type=\"container\">\n\t\t\t\t<div class=\"elementor-element elementor-element-695e83d elementor-widget elementor-widget-heading\" data-id=\"695e83d\" data-element_type=\"widget\" data-e-type=\"widget\" data-widget_type=\"heading.default\">\n\t\t\t\t<div class=\"elementor-widget-container\">\n\t\t\t\t\t<h2 class=\"elementor-heading-title elementor-size-default\">Hibrid<\/h2>\t\t\t\t<\/div>\n\t\t\t\t<\/div>\n\t\t\t\t<div class=\"elementor-element elementor-element-8689a95 elementor-widget elementor-widget-text-editor\" data-id=\"8689a95\" data-element_type=\"widget\" data-e-type=\"widget\" data-widget_type=\"text-editor.default\">\n\t\t\t\t<div class=\"elementor-widget-container\">\n\t\t\t\t\t\t\t\t\t<p>Cassandra resistir\u00e1 una interrupci\u00f3n completa del data center sin p\u00e9rdida de informaci\u00f3n, en nubes p\u00fablicas o privadas y en las instalaciones<\/p>\t\t\t\t\t\t\t\t<\/div>\n\t\t\t\t<\/div>\n\t\t\t\t<\/div>\n\t\t<div class=\"elementor-element elementor-element-826e900 e-con-full e-flex e-con e-child\" data-id=\"826e900\" data-element_type=\"container\" data-e-type=\"container\">\n\t\t\t\t<div class=\"elementor-element elementor-element-dc2f149 elementor-widget elementor-widget-heading\" data-id=\"dc2f149\" data-element_type=\"widget\" data-e-type=\"widget\" data-widget_type=\"heading.default\">\n\t\t\t\t<div class=\"elementor-widget-container\">\n\t\t\t\t\t<h2 class=\"elementor-heading-title elementor-size-default\">Fault Tolerant<\/h2>\t\t\t\t<\/div>\n\t\t\t\t<\/div>\n\t\t\t\t<div class=\"elementor-element elementor-element-ac7af17 elementor-widget elementor-widget-text-editor\" data-id=\"ac7af17\" data-element_type=\"widget\" data-e-type=\"widget\" data-widget_type=\"text-editor.default\">\n\t\t\t\t<div class=\"elementor-widget-container\">\n\t\t\t\t\t\t\t\t\t<p>El soporte de Cassandra para replicar en m\u00faltiples centros de datos es el mejor en su clase. Los nodos fallidos se pueden reemplazar sin tiempo de inactividad.<\/p>\t\t\t\t\t\t\t\t<\/div>\n\t\t\t\t<\/div>\n\t\t\t\t<\/div>\n\t\t<div class=\"elementor-element elementor-element-892a8cc e-con-full e-flex e-con e-child\" data-id=\"892a8cc\" data-element_type=\"container\" data-e-type=\"container\">\n\t\t\t\t<div class=\"elementor-element elementor-element-16bb4b2 elementor-widget elementor-widget-heading\" data-id=\"16bb4b2\" data-element_type=\"widget\" data-e-type=\"widget\" data-widget_type=\"heading.default\">\n\t\t\t\t<div class=\"elementor-widget-container\">\n\t\t\t\t\t<h2 class=\"elementor-heading-title elementor-size-default\">Focus on Quality<\/h2>\t\t\t\t<\/div>\n\t\t\t\t<\/div>\n\t\t\t\t<div class=\"elementor-element elementor-element-e4958d1 elementor-widget elementor-widget-text-editor\" data-id=\"e4958d1\" data-element_type=\"widget\" data-e-type=\"widget\" data-widget_type=\"text-editor.default\">\n\t\t\t\t<div class=\"elementor-widget-container\">\n\t\t\t\t\t\t\t\t\t<p>Cassandra se prueba en cl\u00fasteres de hasta 1000 nodos y con cientos de esquemas y casos de uso del mundo real.<\/p>\t\t\t\t\t\t\t\t<\/div>\n\t\t\t\t<\/div>\n\t\t\t\t<\/div>\n\t\t<div class=\"elementor-element elementor-element-9c215f2 e-con-full e-flex e-con e-child\" data-id=\"9c215f2\" data-element_type=\"container\" data-e-type=\"container\">\n\t\t\t\t<div class=\"elementor-element elementor-element-aca4bb5 elementor-widget elementor-widget-heading\" data-id=\"aca4bb5\" data-element_type=\"widget\" data-e-type=\"widget\" data-widget_type=\"heading.default\">\n\t\t\t\t<div class=\"elementor-widget-container\">\n\t\t\t\t\t<h2 class=\"elementor-heading-title elementor-size-default\">Performant<\/h2>\t\t\t\t<\/div>\n\t\t\t\t<\/div>\n\t\t\t\t<div class=\"elementor-element elementor-element-d1cb602 elementor-widget elementor-widget-text-editor\" data-id=\"d1cb602\" data-element_type=\"widget\" data-e-type=\"widget\" data-widget_type=\"text-editor.default\">\n\t\t\t\t<div class=\"elementor-widget-container\">\n\t\t\t\t\t\t\t\t\t<p>Cassandra supera sistem\u00e1ticamente las alternativas populares de NoSQL en evaluaciones comparativas y aplicaciones reales<\/p>\t\t\t\t\t\t\t\t<\/div>\n\t\t\t\t<\/div>\n\t\t\t\t<div class=\"elementor-element elementor-element-ea210b9 elementor-widget elementor-widget-heading\" data-id=\"ea210b9\" data-element_type=\"widget\" data-e-type=\"widget\" data-widget_type=\"heading.default\">\n\t\t\t\t<div class=\"elementor-widget-container\">\n\t\t\t\t\t<h2 class=\"elementor-heading-title elementor-size-default\">Distributed<\/h2>\t\t\t\t<\/div>\n\t\t\t\t<\/div>\n\t\t\t\t<div class=\"elementor-element elementor-element-16f1245 elementor-widget elementor-widget-text-editor\" data-id=\"16f1245\" data-element_type=\"widget\" data-e-type=\"widget\" data-widget_type=\"text-editor.default\">\n\t\t\t\t<div class=\"elementor-widget-container\">\n\t\t\t\t\t\t\t\t\t<p>Es adecuada para aplicaciones que no pueden permitirse perder datos, incluso cuando todo un data center falla. No hay puntos \u00fanicos de falla. Todos los nodos del cl\u00faster son id\u00e9nticos<\/p>\t\t\t\t\t\t\t\t<\/div>\n\t\t\t\t<\/div>\n\t\t\t\t<\/div>\n\t\t<div class=\"elementor-element elementor-element-ee01dff e-con-full e-flex e-con e-child\" data-id=\"ee01dff\" data-element_type=\"container\" data-e-type=\"container\">\n\t\t\t\t<div class=\"elementor-element elementor-element-b707183 elementor-widget elementor-widget-heading\" data-id=\"b707183\" data-element_type=\"widget\" data-e-type=\"widget\" data-widget_type=\"heading.default\">\n\t\t\t\t<div class=\"elementor-widget-container\">\n\t\t\t\t\t<h2 class=\"elementor-heading-title elementor-size-default\">You\u00b4re in control<\/h2>\t\t\t\t<\/div>\n\t\t\t\t<\/div>\n\t\t\t\t<div class=\"elementor-element elementor-element-2869a42 elementor-widget elementor-widget-text-editor\" data-id=\"2869a42\" data-element_type=\"widget\" data-e-type=\"widget\" data-widget_type=\"text-editor.default\">\n\t\t\t\t<div class=\"elementor-widget-container\">\n\t\t\t\t\t\t\t\t\t<p>Elige entre replicaci\u00f3n sincr\u00f3nica o asincr\u00f3nica por cada actualizaci\u00f3n<\/p>\t\t\t\t\t\t\t\t<\/div>\n\t\t\t\t<\/div>\n\t\t\t\t<div class=\"elementor-element elementor-element-8d96592 elementor-widget elementor-widget-heading\" data-id=\"8d96592\" data-element_type=\"widget\" data-e-type=\"widget\" data-widget_type=\"heading.default\">\n\t\t\t\t<div class=\"elementor-widget-container\">\n\t\t\t\t\t<h2 class=\"elementor-heading-title elementor-size-default\">Scalable<\/h2>\t\t\t\t<\/div>\n\t\t\t\t<\/div>\n\t\t\t\t<div class=\"elementor-element elementor-element-bf8bba1 elementor-widget elementor-widget-text-editor\" data-id=\"bf8bba1\" data-element_type=\"widget\" data-e-type=\"widget\" data-widget_type=\"text-editor.default\">\n\t\t\t\t<div class=\"elementor-widget-container\">\n\t\t\t\t\t\t\t\t\t<p>El rendimiento de lectura y escrito aumenta linealmente a medida que se agregan nuevas m\u00e1quinas, sin tiempo de inactividad ni interrupci\u00f3n de las aplicadas.\u00a0<\/p>\t\t\t\t\t\t\t\t<\/div>\n\t\t\t\t<\/div>\n\t\t\t\t<\/div>\n\t\t<div class=\"elementor-element elementor-element-7fb0fe1 e-con-full e-flex e-con e-child\" data-id=\"7fb0fe1\" data-element_type=\"container\" data-e-type=\"container\">\n\t\t\t\t<div class=\"elementor-element elementor-element-d1875ec elementor-widget elementor-widget-heading\" data-id=\"d1875ec\" data-element_type=\"widget\" data-e-type=\"widget\" data-widget_type=\"heading.default\">\n\t\t\t\t<div class=\"elementor-widget-container\">\n\t\t\t\t\t<h2 class=\"elementor-heading-title elementor-size-default\">Security &amp; Observability<\/h2>\t\t\t\t<\/div>\n\t\t\t\t<\/div>\n\t\t\t\t<div class=\"elementor-element elementor-element-ce45130 elementor-widget elementor-widget-text-editor\" data-id=\"ce45130\" data-element_type=\"widget\" data-e-type=\"widget\" data-widget_type=\"text-editor.default\">\n\t\t\t\t<div class=\"elementor-widget-container\">\n\t\t\t\t\t\t\t\t\t<p>La funci\u00f3n de registro de auditor\u00eda para operadores rastrea la actividad de DML, DDL y DCL con un impacto m\u00ednimo en el rendimiento normal de la carga de trabajo\u00a0<\/p>\t\t\t\t\t\t\t\t<\/div>\n\t\t\t\t<\/div>\n\t\t\t\t<div class=\"elementor-element elementor-element-6090673 elementor-widget elementor-widget-heading\" data-id=\"6090673\" data-element_type=\"widget\" data-e-type=\"widget\" data-widget_type=\"heading.default\">\n\t\t\t\t<div class=\"elementor-widget-container\">\n\t\t\t\t\t<h2 class=\"elementor-heading-title elementor-size-default\">Elastic<\/h2>\t\t\t\t<\/div>\n\t\t\t\t<\/div>\n\t\t\t\t<div class=\"elementor-element elementor-element-33321bd elementor-widget elementor-widget-text-editor\" data-id=\"33321bd\" data-element_type=\"widget\" data-e-type=\"widget\" data-widget_type=\"text-editor.default\">\n\t\t\t\t<div class=\"elementor-widget-container\">\n\t\t\t\t\t\t\t\t\t<p>Transmite datos entre nodos durante las operaciones de escalado. Zero Copy Streaming hace que esto sea hasta 5 veces m\u00e1s r\u00e1pido sin vnodes para una arquitectura m\u00e1s el\u00e1stica, particularmente en entornos de nube y K8s<\/p>\t\t\t\t\t\t\t\t<\/div>\n\t\t\t\t<\/div>\n\t\t\t\t<\/div>\n\t\t\t\t\t<\/div>\n\t\t\t\t<\/div>\n\t\t\t\t<\/div>","protected":false},"excerpt":{"rendered":"<p>Apache Cassandra Open Source DataBase Administra r\u00e1pidamente grandes cantidades de datos Contacto \u00bfQu\u00e9 es Apache Cassandra? Apache Cassandra es una base de datos distribuida NoSQL de c\u00f3digo abierto en la que conf\u00edan miles de empresas por su escalabilidad y alta disponibilidad sin comprometer el rendimiento. La escalabilidad lineal y la tolerancia a fallos probada en [&hellip;]<\/p>\n","protected":false},"author":3,"featured_media":0,"parent":0,"menu_order":0,"comment_status":"closed","ping_status":"closed","template":"","meta":{"_acf_changed":false,"footnotes":""},"class_list":["post-13347","page","type-page","status-publish","hentry"],"acf":[],"yoast_head":"<!-- This site is optimized with the Yoast SEO Premium plugin v23.4 (Yoast SEO v27.4) - https:\/\/yoast.com\/product\/yoast-seo-premium-wordpress\/ -->\n<title>Apache Cassandra | Hopla! Tech<\/title>\n<meta name=\"description\" content=\"Apache Cassandra: OPEN SOURCE NOSQL DATABASE : Administra r\u00e1pidamente grandes cantidades de datos, escalabilidad y alta disponibilidad\" \/>\n<meta name=\"robots\" content=\"index, follow, max-snippet:-1, max-image-preview:large, max-video-preview:-1\" \/>\n<link rel=\"canonical\" href=\"https:\/\/hopla.tech\/en\/apache-cassandra\/\" \/>\n<meta property=\"og:locale\" content=\"en_GB\" \/>\n<meta property=\"og:type\" content=\"article\" \/>\n<meta property=\"og:title\" content=\"Apache Cassandra\" \/>\n<meta property=\"og:description\" content=\"Apache Cassandra: OPEN SOURCE NOSQL DATABASE : Administra r\u00e1pidamente grandes cantidades de datos, escalabilidad y alta disponibilidad\" \/>\n<meta property=\"og:url\" content=\"https:\/\/hopla.tech\/en\/apache-cassandra\/\" \/>\n<meta property=\"og:site_name\" content=\"Hopla! Tech\" \/>\n<meta property=\"article:modified_time\" content=\"2026-02-19T15:00:25+00:00\" \/>\n<meta property=\"og:image\" content=\"https:\/\/hopla.tech\/wp-content\/uploads\/2026\/02\/1.png\" \/>\n<meta name=\"twitter:card\" content=\"summary_large_image\" \/>\n<meta name=\"twitter:site\" content=\"@HoplaSoftware\" \/>\n<meta name=\"twitter:label1\" content=\"Estimated reading time\" \/>\n\t<meta name=\"twitter:data1\" content=\"2 minutes\" \/>\n<script type=\"application\/ld+json\" class=\"yoast-schema-graph\">{\"@context\":\"https:\\\/\\\/schema.org\",\"@graph\":[{\"@type\":\"WebPage\",\"@id\":\"https:\\\/\\\/hopla.tech\\\/apache-cassandra\\\/\",\"url\":\"https:\\\/\\\/hopla.tech\\\/apache-cassandra\\\/\",\"name\":\"Apache Cassandra | Hopla! Tech\",\"isPartOf\":{\"@id\":\"https:\\\/\\\/hopla.tech\\\/#website\"},\"primaryImageOfPage\":{\"@id\":\"https:\\\/\\\/hopla.tech\\\/apache-cassandra\\\/#primaryimage\"},\"image\":{\"@id\":\"https:\\\/\\\/hopla.tech\\\/apache-cassandra\\\/#primaryimage\"},\"thumbnailUrl\":\"https:\\\/\\\/hopla.tech\\\/wp-content\\\/uploads\\\/2026\\\/02\\\/1.png\",\"datePublished\":\"2024-10-23T08:45:05+00:00\",\"dateModified\":\"2026-02-19T15:00:25+00:00\",\"description\":\"Apache Cassandra: OPEN SOURCE NOSQL DATABASE : Administra r\u00e1pidamente grandes cantidades de datos, escalabilidad y alta disponibilidad\",\"breadcrumb\":{\"@id\":\"https:\\\/\\\/hopla.tech\\\/apache-cassandra\\\/#breadcrumb\"},\"inLanguage\":\"en-GB\",\"potentialAction\":[{\"@type\":\"ReadAction\",\"target\":[\"https:\\\/\\\/hopla.tech\\\/apache-cassandra\\\/\"]}]},{\"@type\":\"ImageObject\",\"inLanguage\":\"en-GB\",\"@id\":\"https:\\\/\\\/hopla.tech\\\/apache-cassandra\\\/#primaryimage\",\"url\":\"https:\\\/\\\/hopla.tech\\\/wp-content\\\/uploads\\\/2026\\\/02\\\/1.png\",\"contentUrl\":\"https:\\\/\\\/hopla.tech\\\/wp-content\\\/uploads\\\/2026\\\/02\\\/1.png\"},{\"@type\":\"BreadcrumbList\",\"@id\":\"https:\\\/\\\/hopla.tech\\\/apache-cassandra\\\/#breadcrumb\",\"itemListElement\":[{\"@type\":\"ListItem\",\"position\":1,\"name\":\"Portada\",\"item\":\"https:\\\/\\\/hopla.tech\\\/\"},{\"@type\":\"ListItem\",\"position\":2,\"name\":\"Apache Cassandra\"}]},{\"@type\":\"WebSite\",\"@id\":\"https:\\\/\\\/hopla.tech\\\/#website\",\"url\":\"https:\\\/\\\/hopla.tech\\\/\",\"name\":\"Hopla! Tech\",\"description\":\"The enterprise software and consultancy company\",\"publisher\":{\"@id\":\"https:\\\/\\\/hopla.tech\\\/#organization\"},\"alternateName\":\"Hopla!\",\"potentialAction\":[{\"@type\":\"SearchAction\",\"target\":{\"@type\":\"EntryPoint\",\"urlTemplate\":\"https:\\\/\\\/hopla.tech\\\/?s={search_term_string}\"},\"query-input\":{\"@type\":\"PropertyValueSpecification\",\"valueRequired\":true,\"valueName\":\"search_term_string\"}}],\"inLanguage\":\"en-GB\"},{\"@type\":\"Organization\",\"@id\":\"https:\\\/\\\/hopla.tech\\\/#organization\",\"name\":\"Hopla! Tech\",\"alternateName\":\"Hopla!\",\"url\":\"https:\\\/\\\/hopla.tech\\\/\",\"logo\":{\"@type\":\"ImageObject\",\"inLanguage\":\"en-GB\",\"@id\":\"https:\\\/\\\/hopla.tech\\\/#\\\/schema\\\/logo\\\/image\\\/\",\"url\":\"https:\\\/\\\/hopla.tech\\\/wp-content\\\/uploads\\\/2025\\\/12\\\/Hopla-by-BTW-b-3.webp\",\"contentUrl\":\"https:\\\/\\\/hopla.tech\\\/wp-content\\\/uploads\\\/2025\\\/12\\\/Hopla-by-BTW-b-3.webp\",\"width\":274,\"height\":115,\"caption\":\"Hopla! Tech\"},\"image\":{\"@id\":\"https:\\\/\\\/hopla.tech\\\/#\\\/schema\\\/logo\\\/image\\\/\"},\"sameAs\":[\"https:\\\/\\\/x.com\\\/HoplaSoftware\",\"https:\\\/\\\/www.linkedin.com\\\/company\\\/hopla-software\\\/\",\"https:\\\/\\\/www.youtube.com\\\/@hoplasoftware7485\"]}]}<\/script>\n<!-- \/ Yoast SEO Premium plugin. -->","yoast_head_json":{"title":"Apache Cassandra | Hopla! Tech","description":"Apache Cassandra: OPEN SOURCE NOSQL DATABASE : Administra r\u00e1pidamente grandes cantidades de datos, escalabilidad y alta disponibilidad","robots":{"index":"index","follow":"follow","max-snippet":"max-snippet:-1","max-image-preview":"max-image-preview:large","max-video-preview":"max-video-preview:-1"},"canonical":"https:\/\/hopla.tech\/en\/apache-cassandra\/","og_locale":"en_GB","og_type":"article","og_title":"Apache Cassandra","og_description":"Apache Cassandra: OPEN SOURCE NOSQL DATABASE : Administra r\u00e1pidamente grandes cantidades de datos, escalabilidad y alta disponibilidad","og_url":"https:\/\/hopla.tech\/en\/apache-cassandra\/","og_site_name":"Hopla! Tech","article_modified_time":"2026-02-19T15:00:25+00:00","og_image":[{"url":"https:\/\/hopla.tech\/wp-content\/uploads\/2026\/02\/1.png","type":"","width":"","height":""}],"twitter_card":"summary_large_image","twitter_site":"@HoplaSoftware","twitter_misc":{"Estimated reading time":"2 minutes"},"schema":{"@context":"https:\/\/schema.org","@graph":[{"@type":"WebPage","@id":"https:\/\/hopla.tech\/apache-cassandra\/","url":"https:\/\/hopla.tech\/apache-cassandra\/","name":"Apache Cassandra | Hopla! Tech","isPartOf":{"@id":"https:\/\/hopla.tech\/#website"},"primaryImageOfPage":{"@id":"https:\/\/hopla.tech\/apache-cassandra\/#primaryimage"},"image":{"@id":"https:\/\/hopla.tech\/apache-cassandra\/#primaryimage"},"thumbnailUrl":"https:\/\/hopla.tech\/wp-content\/uploads\/2026\/02\/1.png","datePublished":"2024-10-23T08:45:05+00:00","dateModified":"2026-02-19T15:00:25+00:00","description":"Apache Cassandra: OPEN SOURCE NOSQL DATABASE : Administra r\u00e1pidamente grandes cantidades de datos, escalabilidad y alta disponibilidad","breadcrumb":{"@id":"https:\/\/hopla.tech\/apache-cassandra\/#breadcrumb"},"inLanguage":"en-GB","potentialAction":[{"@type":"ReadAction","target":["https:\/\/hopla.tech\/apache-cassandra\/"]}]},{"@type":"ImageObject","inLanguage":"en-GB","@id":"https:\/\/hopla.tech\/apache-cassandra\/#primaryimage","url":"https:\/\/hopla.tech\/wp-content\/uploads\/2026\/02\/1.png","contentUrl":"https:\/\/hopla.tech\/wp-content\/uploads\/2026\/02\/1.png"},{"@type":"BreadcrumbList","@id":"https:\/\/hopla.tech\/apache-cassandra\/#breadcrumb","itemListElement":[{"@type":"ListItem","position":1,"name":"Portada","item":"https:\/\/hopla.tech\/"},{"@type":"ListItem","position":2,"name":"Apache Cassandra"}]},{"@type":"WebSite","@id":"https:\/\/hopla.tech\/#website","url":"https:\/\/hopla.tech\/","name":"Hopla! Tech","description":"The enterprise software and consultancy company","publisher":{"@id":"https:\/\/hopla.tech\/#organization"},"alternateName":"Hopla!","potentialAction":[{"@type":"SearchAction","target":{"@type":"EntryPoint","urlTemplate":"https:\/\/hopla.tech\/?s={search_term_string}"},"query-input":{"@type":"PropertyValueSpecification","valueRequired":true,"valueName":"search_term_string"}}],"inLanguage":"en-GB"},{"@type":"Organization","@id":"https:\/\/hopla.tech\/#organization","name":"Hopla! Tech","alternateName":"Hopla!","url":"https:\/\/hopla.tech\/","logo":{"@type":"ImageObject","inLanguage":"en-GB","@id":"https:\/\/hopla.tech\/#\/schema\/logo\/image\/","url":"https:\/\/hopla.tech\/wp-content\/uploads\/2025\/12\/Hopla-by-BTW-b-3.webp","contentUrl":"https:\/\/hopla.tech\/wp-content\/uploads\/2025\/12\/Hopla-by-BTW-b-3.webp","width":274,"height":115,"caption":"Hopla! Tech"},"image":{"@id":"https:\/\/hopla.tech\/#\/schema\/logo\/image\/"},"sameAs":["https:\/\/x.com\/HoplaSoftware","https:\/\/www.linkedin.com\/company\/hopla-software\/","https:\/\/www.youtube.com\/@hoplasoftware7485"]}]}},"_links":{"self":[{"href":"https:\/\/hopla.tech\/en\/wp-json\/wp\/v2\/pages\/13347","targetHints":{"allow":["GET"]}}],"collection":[{"href":"https:\/\/hopla.tech\/en\/wp-json\/wp\/v2\/pages"}],"about":[{"href":"https:\/\/hopla.tech\/en\/wp-json\/wp\/v2\/types\/page"}],"author":[{"embeddable":true,"href":"https:\/\/hopla.tech\/en\/wp-json\/wp\/v2\/users\/3"}],"replies":[{"embeddable":true,"href":"https:\/\/hopla.tech\/en\/wp-json\/wp\/v2\/comments?post=13347"}],"version-history":[{"count":28,"href":"https:\/\/hopla.tech\/en\/wp-json\/wp\/v2\/pages\/13347\/revisions"}],"predecessor-version":[{"id":17133,"href":"https:\/\/hopla.tech\/en\/wp-json\/wp\/v2\/pages\/13347\/revisions\/17133"}],"wp:attachment":[{"href":"https:\/\/hopla.tech\/en\/wp-json\/wp\/v2\/media?parent=13347"}],"curies":[{"name":"wp","href":"https:\/\/api.w.org\/{rel}","templated":true}]}}