{"id":13419,"date":"2024-10-28T11:30:26","date_gmt":"2024-10-28T10:30:26","guid":{"rendered":"https:\/\/hopla.tech\/?page_id=13419"},"modified":"2026-02-19T16:41:58","modified_gmt":"2026-02-19T15:41:58","slug":"elastic-search","status":"publish","type":"page","link":"https:\/\/hopla.tech\/en\/elastic-search\/","title":{"rendered":"Elastic Search"},"content":{"rendered":"<div data-elementor-type=\"wp-page\" data-elementor-id=\"13419\" class=\"elementor elementor-13419\" data-elementor-post-type=\"page\">\n\t\t\t\t<div class=\"elementor-element elementor-element-57ae4df4 e-con-full e-flex e-con e-parent\" data-id=\"57ae4df4\" data-element_type=\"container\" data-e-type=\"container\" data-settings=\"{&quot;background_background&quot;:&quot;classic&quot;}\">\n\t\t<div class=\"elementor-element elementor-element-2bdb9396 e-flex e-con-boxed e-con e-child\" data-id=\"2bdb9396\" data-element_type=\"container\" data-e-type=\"container\" data-settings=\"{&quot;background_background&quot;:&quot;classic&quot;}\">\n\t\t\t\t\t<div class=\"e-con-inner\">\n\t\t\t\t<div class=\"elementor-element elementor-element-8e92368 elementor-widget elementor-widget-heading\" data-id=\"8e92368\" data-element_type=\"widget\" data-e-type=\"widget\" data-widget_type=\"heading.default\">\n\t\t\t\t<div class=\"elementor-widget-container\">\n\t\t\t\t\t<h1 class=\"elementor-heading-title elementor-size-default\">Elastic Search<\/h1>\t\t\t\t<\/div>\n\t\t\t\t<\/div>\n\t\t\t\t<div class=\"elementor-element elementor-element-16c56135 elementor-widget__width-inherit elementor-widget elementor-widget-image\" data-id=\"16c56135\" data-element_type=\"widget\" data-e-type=\"widget\" data-widget_type=\"image.default\">\n\t\t\t\t<div class=\"elementor-widget-container\">\n\t\t\t\t\t\t\t\t\t\t\t\t\t\t\t<img fetchpriority=\"high\" decoding=\"async\" width=\"1000\" height=\"500\" src=\"https:\/\/hopla.tech\/wp-content\/uploads\/2026\/02\/3.png\" class=\"attachment-full size-full wp-image-17161\" alt=\"\" \/>\t\t\t\t\t\t\t\t\t\t\t\t\t\t\t<\/div>\n\t\t\t\t<\/div>\n\t\t\t\t\t<\/div>\n\t\t\t\t<\/div>\n\t\t<div class=\"elementor-element elementor-element-7d5fdf9a e-flex e-con-boxed e-con e-child\" data-id=\"7d5fdf9a\" data-element_type=\"container\" data-e-type=\"container\">\n\t\t\t\t\t<div class=\"e-con-inner\">\n\t\t\t\t<div class=\"elementor-element elementor-element-767940fd elementor-widget__width-initial elementor-widget elementor-widget-heading\" data-id=\"767940fd\" data-element_type=\"widget\" data-e-type=\"widget\" data-widget_type=\"heading.default\">\n\t\t\t\t<div class=\"elementor-widget-container\">\n\t\t\t\t\t<h2 class=\"elementor-heading-title elementor-size-default\">Arquitectura de baja latencia optimizada para AI. Capacidades de bases de datos vectoriales nativas. <\/h2>\t\t\t\t<\/div>\n\t\t\t\t<\/div>\n\t\t\t\t<div class=\"elementor-element elementor-element-457cb9f elementor-widget elementor-widget-button\" data-id=\"457cb9f\" data-element_type=\"widget\" data-e-type=\"widget\" data-widget_type=\"button.default\">\n\t\t\t\t<div class=\"elementor-widget-container\">\n\t\t\t\t\t\t\t\t\t<div class=\"elementor-button-wrapper\">\n\t\t\t\t\t<a class=\"elementor-button elementor-button-link elementor-size-sm\" href=\"#formulario-pie\">\n\t\t\t\t\t\t<span class=\"elementor-button-content-wrapper\">\n\t\t\t\t\t\t\t\t\t<span class=\"elementor-button-text\">Contact<\/span>\n\t\t\t\t\t<\/span>\n\t\t\t\t\t<\/a>\n\t\t\t\t<\/div>\n\t\t\t\t\t\t\t\t<\/div>\n\t\t\t\t<\/div>\n\t\t\t\t\t<\/div>\n\t\t\t\t<\/div>\n\t\t\t\t<\/div>\n\t\t<div class=\"elementor-element elementor-element-6c820282 e-flex e-con-boxed e-con e-parent\" data-id=\"6c820282\" data-element_type=\"container\" data-e-type=\"container\">\n\t\t\t\t\t<div class=\"e-con-inner\">\n\t\t\t\t<div class=\"elementor-element elementor-element-4d8cf731 elementor-widget elementor-widget-text-editor\" data-id=\"4d8cf731\" data-element_type=\"widget\" data-e-type=\"widget\" data-widget_type=\"text-editor.default\">\n\t\t\t\t<div class=\"elementor-widget-container\">\n\t\t\t\t\t\t\t\t\t<p><\/p>\n<p>Con el incremento de informaci\u00f3n y la necesidad de explotaci\u00f3n, muy \u00fatil en el mundo de hoy en d\u00eda y el Big Data,\u00a0 es necesario un sistema de b\u00fasqueda potente y sencillo.\u00a0<\/p>\n<p><\/p>\n<p>La soluci\u00f3n que nos proporciona <a href=\"https:\/\/www.elastic.co\/es\/\">Elastic<\/a> es el Elastic Search incluido en el desarrollo de su Elastic Stack: Elastic Enterprise Search, Elastic Observability, Elastic Security<\/p>\n<p><\/p>\n<p>Despli\u00e9galas en cualquier lugar, desde la nube hasta servidor b\u00e1sico, para encontrar informaci\u00f3n procesable de cualquier tipo de datos de forma instant\u00e1nea.<\/p>\n<p><\/p>\n<h3 id=\"h-elastic-search\" class=\"wp-block-heading\"><strong>Elastic Search<\/strong><\/h3>\n<p><\/p>\n<p>Elasticsearch se basa en una base de datos NoSQL muy usada en el <a href=\"http:\/\/hopla.tech\/en\/big-data-que-es-y-para-que-sirve\/\" target=\"_blank\" rel=\"noopener\">Big Data<\/a> que nos permite de manera sencilla realizar b\u00fasquedas preafinadas en su sitio web, app o espacio de trabajo.<\/p>\n<p><\/p>\n<h3 id=\"h-elastic-search-y-kibana\" class=\"wp-block-heading\"><strong>Elastic Search y Kibana<\/strong><\/h3>\n<p><\/p>\n<p>Se implementa una aplicaci\u00f3n de servidor (que requiere Elasticsearch) y permite implementar interfaces de monitorizaci\u00f3n y visualizaci\u00f3n de datos. Los datos los toma de manera confiable y segura de cualquier fuente y cualquier formato, para despu\u00e9s transformarlos, analizarlos, realizar b\u00fasquedas y\u00a0 visualizarlos en tiempo real.<\/p>\n<p><\/p>\t\t\t\t\t\t\t\t<\/div>\n\t\t\t\t<\/div>\n\t\t\t\t\t<\/div>\n\t\t\t\t<\/div>\n\t\t<div class=\"elementor-element elementor-element-d5c2bbc e-flex e-con-boxed e-con e-parent\" data-id=\"d5c2bbc\" data-element_type=\"container\" data-e-type=\"container\" data-settings=\"{&quot;background_background&quot;:&quot;classic&quot;}\">\n\t\t\t\t\t<div class=\"e-con-inner\">\n\t\t\t\t<div class=\"elementor-element elementor-element-53d2713 elementor-widget__width-initial elementor-widget elementor-widget-text-editor\" data-id=\"53d2713\" data-element_type=\"widget\" data-e-type=\"widget\" data-widget_type=\"text-editor.default\">\n\t\t\t\t<div class=\"elementor-widget-container\">\n\t\t\t\t\t\t\t\t\t<h2 id=\"h-casos-de-uso\" class=\"wp-block-heading\"><strong>Casos de uso<\/strong><\/h2>\n<p><!-- \/wp:heading --><!-- wp:heading {\"level\":6} --><\/p>\n<h6 id=\"h-entre-los-casos-de-uso-podemos-destacar-los-siguientes-ejemplos\" class=\"wp-block-heading\"><strong>Entre los casos de uso, podemos destacar los siguientes ejemplos:<\/strong><\/h6>\n<p><!-- \/wp:heading --><!-- wp:list --><\/p>\n<ul class=\"wp-block-list\"><!-- wp:list-item -->\n<li>Almacenamiento, transformaci\u00f3n y b\u00fasqueda en logs<\/li>\n<!-- \/wp:list-item --><!-- wp:list-item -->\n<li>Machine learning<\/li>\n<!-- \/wp:list-item --><!-- wp:list-item -->\n<li>Monitorizaci\u00f3n de m\u00e9tricas de cl\u00fasteres o de redes<\/li>\n<!-- \/wp:list-item --><!-- wp:list-item -->\n<li>Almacenamiento de series temporales y datos num\u00e9ricos<\/li>\n<!-- \/wp:list-item --><!-- wp:list-item -->\n<li>Almacenamiento de datos de geolocalizaci\u00f3n.<\/li>\n<\/ul>\t\t\t\t\t\t\t\t<\/div>\n\t\t\t\t<\/div>\n\t\t\t\t\t<\/div>\n\t\t\t\t<\/div>\n\t\t<div class=\"elementor-element elementor-element-3a678ad e-flex e-con-boxed e-con e-parent\" data-id=\"3a678ad\" data-element_type=\"container\" data-e-type=\"container\">\n\t\t\t\t\t<div class=\"e-con-inner\">\n\t\t\t\t<div class=\"elementor-element elementor-element-d92dbf9 elementor-widget elementor-widget-heading\" data-id=\"d92dbf9\" data-element_type=\"widget\" data-e-type=\"widget\" data-widget_type=\"heading.default\">\n\t\t\t\t<div class=\"elementor-widget-container\">\n\t\t\t\t\t<h2 class=\"elementor-heading-title elementor-size-default\">Elastic Search AI Platform<\/h2>\t\t\t\t<\/div>\n\t\t\t\t<\/div>\n\t\t\t\t\t<\/div>\n\t\t\t\t<\/div>\n\t\t<div class=\"elementor-element elementor-element-11f023c e-flex e-con-boxed e-con e-parent\" data-id=\"11f023c\" data-element_type=\"container\" data-e-type=\"container\">\n\t\t\t\t\t<div class=\"e-con-inner\">\n\t\t<div class=\"elementor-element elementor-element-18bd6ba e-con-full e-flex e-con e-child\" data-id=\"18bd6ba\" data-element_type=\"container\" data-e-type=\"container\">\n\t\t\t\t<div class=\"elementor-element elementor-element-660e7ae elementor-widget elementor-widget-image\" data-id=\"660e7ae\" data-element_type=\"widget\" data-e-type=\"widget\" data-widget_type=\"image.default\">\n\t\t\t\t<div class=\"elementor-widget-container\">\n\t\t\t\t\t\t\t\t\t\t\t\t\t\t\t<img decoding=\"async\" width=\"593\" height=\"322\" src=\"https:\/\/hopla.tech\/wp-content\/uploads\/2024\/10\/Captura-de-pantalla-2024-10-28-a-las-11.43.13.webp\" class=\"attachment-large size-large wp-image-13437\" alt=\"AI Generativa\" \/>\t\t\t\t\t\t\t\t\t\t\t\t\t\t\t<\/div>\n\t\t\t\t<\/div>\n\t\t\t\t<\/div>\n\t\t<div class=\"elementor-element elementor-element-2946c24 e-con-full e-flex e-con e-child\" data-id=\"2946c24\" data-element_type=\"container\" data-e-type=\"container\">\n\t\t\t\t<div class=\"elementor-element elementor-element-9902384 elementor-widget elementor-widget-heading\" data-id=\"9902384\" data-element_type=\"widget\" data-e-type=\"widget\" data-widget_type=\"heading.default\">\n\t\t\t\t<div class=\"elementor-widget-container\">\n\t\t\t\t\t<h2 class=\"elementor-heading-title elementor-size-default\">AI Generativa<\/h2>\t\t\t\t<\/div>\n\t\t\t\t<\/div>\n\t\t\t\t<div class=\"elementor-element elementor-element-50f5000 elementor-widget elementor-widget-text-editor\" data-id=\"50f5000\" data-element_type=\"widget\" data-e-type=\"widget\" data-widget_type=\"text-editor.default\">\n\t\t\t\t<div class=\"elementor-widget-container\">\n\t\t\t\t\t\t\t\t\t<div class=\"jsx-1955866259 title-wrapper\">\n<p id=\"ai-generativa\" class=\"jsx-1955866259 title h4\"><span style=\"font-size: 16px;\">Explora las capacidades de b\u00fasqueda de AI optimizadas para ejecutar cargas de trabajo de RAG con una base de datos vectorial totalmente integrada.<\/span><\/p>\n<\/div>\t\t\t\t\t\t\t\t<\/div>\n\t\t\t\t<\/div>\n\t\t\t\t<div class=\"elementor-element elementor-element-e965594 elementor-widget elementor-widget-heading\" data-id=\"e965594\" data-element_type=\"widget\" data-e-type=\"widget\" data-widget_type=\"heading.default\">\n\t\t\t\t<div class=\"elementor-widget-container\">\n\t\t\t\t\t<h2 class=\"elementor-heading-title elementor-size-default\">Search<\/h2>\t\t\t\t<\/div>\n\t\t\t\t<\/div>\n\t\t\t\t<div class=\"elementor-element elementor-element-7a2bc06 elementor-widget elementor-widget-text-editor\" data-id=\"7a2bc06\" data-element_type=\"widget\" data-e-type=\"widget\" data-widget_type=\"text-editor.default\">\n\t\t\t\t<div class=\"elementor-widget-container\">\n\t\t\t\t\t\t\t\t\t<div class=\"jsx-1955866259 title-wrapper\">\u00a0<\/div>\n<div class=\"TextImageVideo_imageContent__Bu10U paragraph-medium\">\n<p>Crea poderosas aplicaciones de b\u00fasqueda habilitadas para AI y machine learning para tus clientes y empleados.<\/p>\n<\/div>\n<div class=\"cta-group justify-content-start text-start d-flex flex-column\">\u00a0<\/div>\t\t\t\t\t\t\t\t<\/div>\n\t\t\t\t<\/div>\n\t\t\t\t<\/div>\n\t\t\t\t\t<\/div>\n\t\t\t\t<\/div>\n\t\t<div class=\"elementor-element elementor-element-37ac460 e-flex e-con-boxed e-con e-parent\" data-id=\"37ac460\" data-element_type=\"container\" data-e-type=\"container\">\n\t\t\t\t\t<div class=\"e-con-inner\">\n\t\t<div class=\"elementor-element elementor-element-bd961c7 e-con-full e-flex e-con e-child\" data-id=\"bd961c7\" data-element_type=\"container\" data-e-type=\"container\">\n\t\t\t\t<div class=\"elementor-element elementor-element-adab566 elementor-widget elementor-widget-heading\" data-id=\"adab566\" data-element_type=\"widget\" data-e-type=\"widget\" data-widget_type=\"heading.default\">\n\t\t\t\t<div class=\"elementor-widget-container\">\n\t\t\t\t\t<h2 class=\"elementor-heading-title elementor-size-default\">Security<\/h2>\t\t\t\t<\/div>\n\t\t\t\t<\/div>\n\t\t\t\t<div class=\"elementor-element elementor-element-7008947 elementor-widget elementor-widget-text-editor\" data-id=\"7008947\" data-element_type=\"widget\" data-e-type=\"widget\" data-widget_type=\"text-editor.default\">\n\t\t\t\t<div class=\"elementor-widget-container\">\n\t\t\t\t\t\t\t\t\t<p>Moderniza SecOps con anal\u00edtica de seguridad basada \u200b\u200ben AI para detectar, investigar y responder antes de que las amenazas tengan una oportunidad.<\/p>\t\t\t\t\t\t\t\t<\/div>\n\t\t\t\t<\/div>\n\t\t\t\t<div class=\"elementor-element elementor-element-b9c08f5 elementor-widget elementor-widget-heading\" data-id=\"b9c08f5\" data-element_type=\"widget\" data-e-type=\"widget\" data-widget_type=\"heading.default\">\n\t\t\t\t<div class=\"elementor-widget-container\">\n\t\t\t\t\t<h2 class=\"elementor-heading-title elementor-size-default\">Observability<\/h2>\t\t\t\t<\/div>\n\t\t\t\t<\/div>\n\t\t\t\t<div class=\"elementor-element elementor-element-0700c35 elementor-widget elementor-widget-text-editor\" data-id=\"0700c35\" data-element_type=\"widget\" data-e-type=\"widget\" data-widget_type=\"text-editor.default\">\n\t\t\t\t<div class=\"elementor-widget-container\">\n\t\t\t\t\t\t\t\t\t<p>Acelera la resoluci\u00f3n de problemas con observabilidad abierta, flexible y unificada impulsada por anal\u00edticas y ML avanzado.<\/p>\t\t\t\t\t\t\t\t<\/div>\n\t\t\t\t<\/div>\n\t\t\t\t<\/div>\n\t\t<div class=\"elementor-element elementor-element-cd23f6a e-con-full e-flex e-con e-child\" data-id=\"cd23f6a\" data-element_type=\"container\" data-e-type=\"container\">\n\t\t\t\t<div class=\"elementor-element elementor-element-dae3a6e elementor-widget elementor-widget-image\" data-id=\"dae3a6e\" data-element_type=\"widget\" data-e-type=\"widget\" data-widget_type=\"image.default\">\n\t\t\t\t<div class=\"elementor-widget-container\">\n\t\t\t\t\t\t\t\t\t\t\t\t\t\t\t<img decoding=\"async\" width=\"583\" height=\"407\" src=\"https:\/\/hopla.tech\/wp-content\/uploads\/2024\/10\/Captura-de-pantalla-2024-10-28-a-las-11.47.52.webp\" class=\"attachment-large size-large wp-image-13438\" alt=\"Security\" \/>\t\t\t\t\t\t\t\t\t\t\t\t\t\t\t<\/div>\n\t\t\t\t<\/div>\n\t\t\t\t<\/div>\n\t\t\t\t\t<\/div>\n\t\t\t\t<\/div>\n\t\t\t\t<\/div>","protected":false},"excerpt":{"rendered":"<p>Elastic Search Arquitectura de baja latencia optimizada para AI. Capacidades de bases de datos vectoriales nativas. Contacto Con el incremento de informaci\u00f3n y la necesidad de explotaci\u00f3n, muy \u00fatil en el mundo de hoy en d\u00eda y el Big Data,\u00a0 es necesario un sistema de b\u00fasqueda potente y sencillo.\u00a0 La soluci\u00f3n que nos proporciona Elastic [&hellip;]<\/p>\n","protected":false},"author":3,"featured_media":0,"parent":0,"menu_order":0,"comment_status":"closed","ping_status":"closed","template":"","meta":{"_acf_changed":false,"footnotes":""},"class_list":["post-13419","page","type-page","status-publish","hentry"],"acf":[],"yoast_head":"<!-- This site is optimized with the Yoast SEO Premium plugin v23.4 (Yoast SEO v27.4) - https:\/\/yoast.com\/product\/yoast-seo-premium-wordpress\/ -->\n<title>Elastic Search | Hopla! Tech<\/title>\n<meta name=\"description\" content=\"Elastic Search: Arquitectura de baja latencia optimizada para AI. Capacidades de bases de datos vectoriales nativas. Big Data\" \/>\n<meta name=\"robots\" content=\"index, follow, max-snippet:-1, max-image-preview:large, max-video-preview:-1\" \/>\n<link rel=\"canonical\" href=\"https:\/\/hopla.tech\/en\/elastic-search\/\" \/>\n<meta property=\"og:locale\" content=\"en_GB\" \/>\n<meta property=\"og:type\" content=\"article\" \/>\n<meta property=\"og:title\" content=\"Elastic Search\" \/>\n<meta property=\"og:description\" content=\"Elastic Search: Arquitectura de baja latencia optimizada para AI. Capacidades de bases de datos vectoriales nativas. Big Data\" \/>\n<meta property=\"og:url\" content=\"https:\/\/hopla.tech\/en\/elastic-search\/\" \/>\n<meta property=\"og:site_name\" content=\"Hopla! Tech\" \/>\n<meta property=\"article:modified_time\" content=\"2026-02-19T15:41:58+00:00\" \/>\n<meta property=\"og:image\" content=\"https:\/\/hopla.tech\/wp-content\/uploads\/2026\/02\/3.png\" \/>\n<meta name=\"twitter:card\" content=\"summary_large_image\" \/>\n<meta name=\"twitter:site\" content=\"@HoplaSoftware\" \/>\n<meta name=\"twitter:label1\" content=\"Estimated reading time\" \/>\n\t<meta name=\"twitter:data1\" content=\"3 minutes\" \/>\n<script type=\"application\/ld+json\" class=\"yoast-schema-graph\">{\"@context\":\"https:\\\/\\\/schema.org\",\"@graph\":[{\"@type\":\"WebPage\",\"@id\":\"https:\\\/\\\/hopla.tech\\\/elastic-search\\\/\",\"url\":\"https:\\\/\\\/hopla.tech\\\/elastic-search\\\/\",\"name\":\"Elastic Search | Hopla! Tech\",\"isPartOf\":{\"@id\":\"https:\\\/\\\/hopla.tech\\\/#website\"},\"primaryImageOfPage\":{\"@id\":\"https:\\\/\\\/hopla.tech\\\/elastic-search\\\/#primaryimage\"},\"image\":{\"@id\":\"https:\\\/\\\/hopla.tech\\\/elastic-search\\\/#primaryimage\"},\"thumbnailUrl\":\"https:\\\/\\\/hopla.tech\\\/wp-content\\\/uploads\\\/2026\\\/02\\\/3.png\",\"datePublished\":\"2024-10-28T10:30:26+00:00\",\"dateModified\":\"2026-02-19T15:41:58+00:00\",\"description\":\"Elastic Search: Arquitectura de baja latencia optimizada para AI. Capacidades de bases de datos vectoriales nativas. Big Data\",\"breadcrumb\":{\"@id\":\"https:\\\/\\\/hopla.tech\\\/elastic-search\\\/#breadcrumb\"},\"inLanguage\":\"en-GB\",\"potentialAction\":[{\"@type\":\"ReadAction\",\"target\":[\"https:\\\/\\\/hopla.tech\\\/elastic-search\\\/\"]}]},{\"@type\":\"ImageObject\",\"inLanguage\":\"en-GB\",\"@id\":\"https:\\\/\\\/hopla.tech\\\/elastic-search\\\/#primaryimage\",\"url\":\"https:\\\/\\\/hopla.tech\\\/wp-content\\\/uploads\\\/2026\\\/02\\\/3.png\",\"contentUrl\":\"https:\\\/\\\/hopla.tech\\\/wp-content\\\/uploads\\\/2026\\\/02\\\/3.png\"},{\"@type\":\"BreadcrumbList\",\"@id\":\"https:\\\/\\\/hopla.tech\\\/elastic-search\\\/#breadcrumb\",\"itemListElement\":[{\"@type\":\"ListItem\",\"position\":1,\"name\":\"Portada\",\"item\":\"https:\\\/\\\/hopla.tech\\\/\"},{\"@type\":\"ListItem\",\"position\":2,\"name\":\"Elastic Search\"}]},{\"@type\":\"WebSite\",\"@id\":\"https:\\\/\\\/hopla.tech\\\/#website\",\"url\":\"https:\\\/\\\/hopla.tech\\\/\",\"name\":\"Hopla! Tech\",\"description\":\"The enterprise software and consultancy company\",\"publisher\":{\"@id\":\"https:\\\/\\\/hopla.tech\\\/#organization\"},\"alternateName\":\"Hopla!\",\"potentialAction\":[{\"@type\":\"SearchAction\",\"target\":{\"@type\":\"EntryPoint\",\"urlTemplate\":\"https:\\\/\\\/hopla.tech\\\/?s={search_term_string}\"},\"query-input\":{\"@type\":\"PropertyValueSpecification\",\"valueRequired\":true,\"valueName\":\"search_term_string\"}}],\"inLanguage\":\"en-GB\"},{\"@type\":\"Organization\",\"@id\":\"https:\\\/\\\/hopla.tech\\\/#organization\",\"name\":\"Hopla! Tech\",\"alternateName\":\"Hopla!\",\"url\":\"https:\\\/\\\/hopla.tech\\\/\",\"logo\":{\"@type\":\"ImageObject\",\"inLanguage\":\"en-GB\",\"@id\":\"https:\\\/\\\/hopla.tech\\\/#\\\/schema\\\/logo\\\/image\\\/\",\"url\":\"https:\\\/\\\/hopla.tech\\\/wp-content\\\/uploads\\\/2025\\\/12\\\/Hopla-by-BTW-b-3.webp\",\"contentUrl\":\"https:\\\/\\\/hopla.tech\\\/wp-content\\\/uploads\\\/2025\\\/12\\\/Hopla-by-BTW-b-3.webp\",\"width\":274,\"height\":115,\"caption\":\"Hopla! Tech\"},\"image\":{\"@id\":\"https:\\\/\\\/hopla.tech\\\/#\\\/schema\\\/logo\\\/image\\\/\"},\"sameAs\":[\"https:\\\/\\\/x.com\\\/HoplaSoftware\",\"https:\\\/\\\/www.linkedin.com\\\/company\\\/hopla-software\\\/\",\"https:\\\/\\\/www.youtube.com\\\/@hoplasoftware7485\"]}]}<\/script>\n<!-- \/ Yoast SEO Premium plugin. -->","yoast_head_json":{"title":"Elastic Search | Hopla! Tech","description":"Elastic Search: Arquitectura de baja latencia optimizada para AI. Capacidades de bases de datos vectoriales nativas. Big Data","robots":{"index":"index","follow":"follow","max-snippet":"max-snippet:-1","max-image-preview":"max-image-preview:large","max-video-preview":"max-video-preview:-1"},"canonical":"https:\/\/hopla.tech\/en\/elastic-search\/","og_locale":"en_GB","og_type":"article","og_title":"Elastic Search","og_description":"Elastic Search: Arquitectura de baja latencia optimizada para AI. Capacidades de bases de datos vectoriales nativas. Big Data","og_url":"https:\/\/hopla.tech\/en\/elastic-search\/","og_site_name":"Hopla! Tech","article_modified_time":"2026-02-19T15:41:58+00:00","og_image":[{"url":"https:\/\/hopla.tech\/wp-content\/uploads\/2026\/02\/3.png","type":"","width":"","height":""}],"twitter_card":"summary_large_image","twitter_site":"@HoplaSoftware","twitter_misc":{"Estimated reading time":"3 minutes"},"schema":{"@context":"https:\/\/schema.org","@graph":[{"@type":"WebPage","@id":"https:\/\/hopla.tech\/elastic-search\/","url":"https:\/\/hopla.tech\/elastic-search\/","name":"Elastic Search | Hopla! Tech","isPartOf":{"@id":"https:\/\/hopla.tech\/#website"},"primaryImageOfPage":{"@id":"https:\/\/hopla.tech\/elastic-search\/#primaryimage"},"image":{"@id":"https:\/\/hopla.tech\/elastic-search\/#primaryimage"},"thumbnailUrl":"https:\/\/hopla.tech\/wp-content\/uploads\/2026\/02\/3.png","datePublished":"2024-10-28T10:30:26+00:00","dateModified":"2026-02-19T15:41:58+00:00","description":"Elastic Search: Arquitectura de baja latencia optimizada para AI. Capacidades de bases de datos vectoriales nativas. Big Data","breadcrumb":{"@id":"https:\/\/hopla.tech\/elastic-search\/#breadcrumb"},"inLanguage":"en-GB","potentialAction":[{"@type":"ReadAction","target":["https:\/\/hopla.tech\/elastic-search\/"]}]},{"@type":"ImageObject","inLanguage":"en-GB","@id":"https:\/\/hopla.tech\/elastic-search\/#primaryimage","url":"https:\/\/hopla.tech\/wp-content\/uploads\/2026\/02\/3.png","contentUrl":"https:\/\/hopla.tech\/wp-content\/uploads\/2026\/02\/3.png"},{"@type":"BreadcrumbList","@id":"https:\/\/hopla.tech\/elastic-search\/#breadcrumb","itemListElement":[{"@type":"ListItem","position":1,"name":"Portada","item":"https:\/\/hopla.tech\/"},{"@type":"ListItem","position":2,"name":"Elastic Search"}]},{"@type":"WebSite","@id":"https:\/\/hopla.tech\/#website","url":"https:\/\/hopla.tech\/","name":"Hopla! Tech","description":"The enterprise software and consultancy company","publisher":{"@id":"https:\/\/hopla.tech\/#organization"},"alternateName":"Hopla!","potentialAction":[{"@type":"SearchAction","target":{"@type":"EntryPoint","urlTemplate":"https:\/\/hopla.tech\/?s={search_term_string}"},"query-input":{"@type":"PropertyValueSpecification","valueRequired":true,"valueName":"search_term_string"}}],"inLanguage":"en-GB"},{"@type":"Organization","@id":"https:\/\/hopla.tech\/#organization","name":"Hopla! Tech","alternateName":"Hopla!","url":"https:\/\/hopla.tech\/","logo":{"@type":"ImageObject","inLanguage":"en-GB","@id":"https:\/\/hopla.tech\/#\/schema\/logo\/image\/","url":"https:\/\/hopla.tech\/wp-content\/uploads\/2025\/12\/Hopla-by-BTW-b-3.webp","contentUrl":"https:\/\/hopla.tech\/wp-content\/uploads\/2025\/12\/Hopla-by-BTW-b-3.webp","width":274,"height":115,"caption":"Hopla! Tech"},"image":{"@id":"https:\/\/hopla.tech\/#\/schema\/logo\/image\/"},"sameAs":["https:\/\/x.com\/HoplaSoftware","https:\/\/www.linkedin.com\/company\/hopla-software\/","https:\/\/www.youtube.com\/@hoplasoftware7485"]}]}},"_links":{"self":[{"href":"https:\/\/hopla.tech\/en\/wp-json\/wp\/v2\/pages\/13419","targetHints":{"allow":["GET"]}}],"collection":[{"href":"https:\/\/hopla.tech\/en\/wp-json\/wp\/v2\/pages"}],"about":[{"href":"https:\/\/hopla.tech\/en\/wp-json\/wp\/v2\/types\/page"}],"author":[{"embeddable":true,"href":"https:\/\/hopla.tech\/en\/wp-json\/wp\/v2\/users\/3"}],"replies":[{"embeddable":true,"href":"https:\/\/hopla.tech\/en\/wp-json\/wp\/v2\/comments?post=13419"}],"version-history":[{"count":26,"href":"https:\/\/hopla.tech\/en\/wp-json\/wp\/v2\/pages\/13419\/revisions"}],"predecessor-version":[{"id":17164,"href":"https:\/\/hopla.tech\/en\/wp-json\/wp\/v2\/pages\/13419\/revisions\/17164"}],"wp:attachment":[{"href":"https:\/\/hopla.tech\/en\/wp-json\/wp\/v2\/media?parent=13419"}],"curies":[{"name":"wp","href":"https:\/\/api.w.org\/{rel}","templated":true}]}}