{"id":13453,"date":"2024-11-04T12:37:56","date_gmt":"2024-11-04T11:37:56","guid":{"rendered":"https:\/\/hopla.tech\/?page_id=13453"},"modified":"2024-11-04T12:52:33","modified_gmt":"2024-11-04T11:52:33","slug":"verifire-by-hopla","status":"publish","type":"page","link":"https:\/\/hopla.tech\/en\/verifire-by-hopla\/","title":{"rendered":"Verifire By Hopla!"},"content":{"rendered":"\t\t<div data-elementor-type=\"wp-page\" data-elementor-id=\"13453\" class=\"elementor elementor-13453\" data-elementor-post-type=\"page\">\n\t\t\t\t<div class=\"elementor-element elementor-element-52cdc348 e-con-full e-flex e-con e-parent\" data-id=\"52cdc348\" data-element_type=\"container\" data-e-type=\"container\" data-settings=\"{&quot;background_background&quot;:&quot;classic&quot;}\">\n\t\t<div class=\"elementor-element elementor-element-f1bcfd9 e-flex e-con-boxed e-con e-child\" data-id=\"f1bcfd9\" data-element_type=\"container\" data-e-type=\"container\" data-settings=\"{&quot;background_background&quot;:&quot;classic&quot;}\">\n\t\t\t\t\t<div class=\"e-con-inner\">\n\t\t\t\t<div class=\"elementor-element elementor-element-663cd9ec elementor-widget elementor-widget-heading\" data-id=\"663cd9ec\" data-element_type=\"widget\" data-e-type=\"widget\" data-widget_type=\"heading.default\">\n\t\t\t\t<div class=\"elementor-widget-container\">\n\t\t\t\t\t<h1 class=\"elementor-heading-title elementor-size-default\">Verifire<\/h1>\t\t\t\t<\/div>\n\t\t\t\t<\/div>\n\t\t\t\t<div class=\"elementor-element elementor-element-6ed15243 elementor-widget__width-inherit elementor-widget elementor-widget-image\" data-id=\"6ed15243\" data-element_type=\"widget\" data-e-type=\"widget\" data-widget_type=\"image.default\">\n\t\t\t\t<div class=\"elementor-widget-container\">\n\t\t\t\t\t\t\t\t\t\t\t\t\t\t\t<img fetchpriority=\"high\" decoding=\"async\" width=\"1011\" height=\"1517\" src=\"https:\/\/hopla.tech\/wp-content\/uploads\/2024\/07\/fondo-modernizacion.webp\" class=\"attachment-full size-full wp-image-450\" alt=\"Servicios de Modernizaci\u00f3n de Aplicaciones | Hopla! Tech\" srcset=\"https:\/\/hopla.tech\/wp-content\/uploads\/2024\/07\/fondo-modernizacion.webp 1011w, https:\/\/hopla.tech\/wp-content\/uploads\/2024\/07\/fondo-modernizacion-682x1024.webp 682w\" sizes=\"(max-width: 1011px) 100vw, 1011px\" \/>\t\t\t\t\t\t\t\t\t\t\t\t\t\t\t<\/div>\n\t\t\t\t<\/div>\n\t\t\t\t\t<\/div>\n\t\t\t\t<\/div>\n\t\t<div class=\"elementor-element elementor-element-102f6a9c e-flex e-con-boxed e-con e-child\" data-id=\"102f6a9c\" data-element_type=\"container\" data-e-type=\"container\">\n\t\t\t\t\t<div class=\"e-con-inner\">\n\t\t\t\t<div class=\"elementor-element elementor-element-41632f9a elementor-widget__width-initial elementor-widget elementor-widget-heading\" data-id=\"41632f9a\" data-element_type=\"widget\" data-e-type=\"widget\" data-widget_type=\"heading.default\">\n\t\t\t\t<div class=\"elementor-widget-container\">\n\t\t\t\t\t<h2 class=\"elementor-heading-title elementor-size-default\">Hopla! Verifire\u00ae  est\u00e1 dise\u00f1ado para facilitar y agilizar las migraciones desde Oracle Database hacia EnterpriseDB Postgres Plus Advanced Server<\/h2>\t\t\t\t<\/div>\n\t\t\t\t<\/div>\n\t\t\t\t<div class=\"elementor-element elementor-element-3ba07716 elementor-widget elementor-widget-button\" data-id=\"3ba07716\" data-element_type=\"widget\" data-e-type=\"widget\" data-widget_type=\"button.default\">\n\t\t\t\t<div class=\"elementor-widget-container\">\n\t\t\t\t\t\t\t\t\t<div class=\"elementor-button-wrapper\">\n\t\t\t\t\t<a class=\"elementor-button elementor-button-link elementor-size-sm\" href=\"#CTA\">\n\t\t\t\t\t\t<span class=\"elementor-button-content-wrapper\">\n\t\t\t\t\t\t\t\t\t<span class=\"elementor-button-text\">Contacto<\/span>\n\t\t\t\t\t<\/span>\n\t\t\t\t\t<\/a>\n\t\t\t\t<\/div>\n\t\t\t\t\t\t\t\t<\/div>\n\t\t\t\t<\/div>\n\t\t\t\t\t<\/div>\n\t\t\t\t<\/div>\n\t\t\t\t<\/div>\n\t\t<div class=\"elementor-element elementor-element-3d78452 e-flex e-con-boxed e-con e-parent\" data-id=\"3d78452\" data-element_type=\"container\" data-e-type=\"container\">\n\t\t\t\t\t<div class=\"e-con-inner\">\n\t\t\t\t<div class=\"elementor-element elementor-element-f6fd624 elementor-widget elementor-widget-heading\" data-id=\"f6fd624\" data-element_type=\"widget\" data-e-type=\"widget\" data-widget_type=\"heading.default\">\n\t\t\t\t<div class=\"elementor-widget-container\">\n\t\t\t\t\t<h2 class=\"elementor-heading-title elementor-size-default\">Principales Caracter\u00edsticas<\/h2>\t\t\t\t<\/div>\n\t\t\t\t<\/div>\n\t\t\t\t\t<\/div>\n\t\t\t\t<\/div>\n\t\t<div class=\"elementor-element elementor-element-d46a07c e-flex e-con-boxed e-con e-parent\" data-id=\"d46a07c\" data-element_type=\"container\" data-e-type=\"container\">\n\t\t\t\t\t<div class=\"e-con-inner\">\n\t\t<div class=\"elementor-element elementor-element-e9645c9 e-con-full e-flex e-con e-child\" data-id=\"e9645c9\" data-element_type=\"container\" data-e-type=\"container\">\n\t\t\t\t<div class=\"elementor-element elementor-element-a07a8fd elementor-widget elementor-widget-text-editor\" data-id=\"a07a8fd\" data-element_type=\"widget\" data-e-type=\"widget\" data-widget_type=\"text-editor.default\">\n\t\t\t\t<div class=\"elementor-widget-container\">\n\t\t\t\t\t\t\t\t\t<ul><li style=\"font-weight: 400;\" aria-level=\"1\"><span style=\"font-weight: 400;\">Verifica que la migraci\u00f3n se ha completado correctamente (mismos juegos de resultados)<\/span><\/li><li style=\"font-weight: 400;\" aria-level=\"1\"><span style=\"font-weight: 400;\">Comprueba que la aplicaci\u00f3n contin\u00fae siendo compatible con la nueva base de datos (detecci\u00f3n de fallos l\u00f3gicos)<\/span><\/li><\/ul>\t\t\t\t\t\t\t\t<\/div>\n\t\t\t\t<\/div>\n\t\t\t\t<\/div>\n\t\t<div class=\"elementor-element elementor-element-423004f e-con-full e-flex e-con e-child\" data-id=\"423004f\" data-element_type=\"container\" data-e-type=\"container\">\n\t\t\t\t<div class=\"elementor-element elementor-element-275757d elementor-widget elementor-widget-text-editor\" data-id=\"275757d\" data-element_type=\"widget\" data-e-type=\"widget\" data-widget_type=\"text-editor.default\">\n\t\t\t\t<div class=\"elementor-widget-container\">\n\t\t\t\t\t\t\t\t\t<ul>\n<li style=\"font-weight: 400;\" aria-level=\"1\"><span style=\"font-weight: 400;\">Detecta cuellos de botella y consultas no \u00f3ptimas (comparaci\u00f3n de tiempos de ejecuci\u00f3n de consulta)<\/span><\/li>\n<li style=\"font-weight: 400;\" aria-level=\"1\"><span style=\"font-weight: 400;\">Acota bloques fuente [<a href=\"https:\/\/www.java.com\/es\/\" target=\"_blank\" rel=\"noopener\">Java<\/a>] que causan los errores en la ejecuci\u00f3n<\/span><\/li>\n<li style=\"font-weight: 400;\" aria-level=\"1\"><span style=\"font-weight: 400;\">Reduce dr\u00e1sticamente el tiempo y coste de <a href=\"https:\/\/hopla.tech\/smart-data\/\" target=\"_blank\" rel=\"noopener\">migraci\u00f3n<\/a><\/span><\/li>\n<\/ul>\t\t\t\t\t\t\t\t<\/div>\n\t\t\t\t<\/div>\n\t\t\t\t<\/div>\n\t\t\t\t\t<\/div>\n\t\t\t\t<\/div>\n\t\t<div class=\"elementor-element elementor-element-f5605ca e-flex e-con-boxed e-con e-parent\" data-id=\"f5605ca\" data-element_type=\"container\" data-e-type=\"container\">\n\t\t\t\t\t<div class=\"e-con-inner\">\n\t\t\t\t<div class=\"elementor-element elementor-element-f06c2bf elementor-widget elementor-widget-heading\" data-id=\"f06c2bf\" data-element_type=\"widget\" data-e-type=\"widget\" data-widget_type=\"heading.default\">\n\t\t\t\t<div class=\"elementor-widget-container\">\n\t\t\t\t\t<h2 class=\"elementor-heading-title elementor-size-default\">\u00bfPor qu\u00e9 elegir Verifire?<\/h2>\t\t\t\t<\/div>\n\t\t\t\t<\/div>\n\t\t\t\t\t<\/div>\n\t\t\t\t<\/div>\n\t\t<div class=\"elementor-element elementor-element-135c3ab e-flex e-con-boxed e-con e-parent\" data-id=\"135c3ab\" data-element_type=\"container\" data-e-type=\"container\">\n\t\t\t\t\t<div class=\"e-con-inner\">\n\t\t<div class=\"elementor-element elementor-element-02961c1 e-con-full e-flex e-con e-child\" data-id=\"02961c1\" data-element_type=\"container\" data-e-type=\"container\">\n\t\t\t\t<div class=\"elementor-element elementor-element-f9ea7f9 elementor-widget elementor-widget-text-editor\" data-id=\"f9ea7f9\" data-element_type=\"widget\" data-e-type=\"widget\" data-widget_type=\"text-editor.default\">\n\t\t\t\t<div class=\"elementor-widget-container\">\n\t\t\t\t\t\t\t\t\t<ul><li data-sourcepos=\"13:1-13:154\"><strong>Reducci\u00f3n del tiempo y esfuerzo:<\/strong> La automatizaci\u00f3n de gran parte del proceso de migraci\u00f3n permite ahorrar tiempo y recursos, acelerando el proyecto.<\/li><li data-sourcepos=\"14:1-14:160\"><strong>Mayor precisi\u00f3n:<\/strong> Al realizar un an\u00e1lisis exhaustivo y generar scripts personalizados, se reduce el riesgo de errores y se garantiza una migraci\u00f3n precisa.<\/li><\/ul>\t\t\t\t\t\t\t\t<\/div>\n\t\t\t\t<\/div>\n\t\t\t\t<\/div>\n\t\t<div class=\"elementor-element elementor-element-b0758f4 e-con-full e-flex e-con e-child\" data-id=\"b0758f4\" data-element_type=\"container\" data-e-type=\"container\">\n\t\t\t\t<div class=\"elementor-element elementor-element-34e4b7e elementor-widget elementor-widget-text-editor\" data-id=\"34e4b7e\" data-element_type=\"widget\" data-e-type=\"widget\" data-widget_type=\"text-editor.default\">\n\t\t\t\t<div class=\"elementor-widget-container\">\n\t\t\t\t\t\t\t\t\t<ul><li data-sourcepos=\"15:1-15:167\"><strong>Menor impacto en la operaci\u00f3n:<\/strong> Verifire permite realizar migraciones de manera incremental, minimizando el impacto en las operaciones diarias de la organizaci\u00f3n.<\/li><li data-sourcepos=\"16:1-17:0\"><strong>Experiencia de Hopla!:<\/strong> Hopla! cuenta con una amplia experiencia en migraciones de bases de datos y en el uso de PostgreSQL, lo que garantiza un soporte t\u00e9cnico de alta calidad.<\/li><\/ul>\t\t\t\t\t\t\t\t<\/div>\n\t\t\t\t<\/div>\n\t\t\t\t<\/div>\n\t\t\t\t\t<\/div>\n\t\t\t\t<\/div>\n\t\t<div class=\"elementor-element elementor-element-9cc7693 e-flex e-con-boxed e-con e-parent\" data-id=\"9cc7693\" data-element_type=\"container\" data-e-type=\"container\">\n\t\t\t\t\t<div class=\"e-con-inner\">\n\t\t\t\t<div class=\"elementor-element elementor-element-89dc240 elementor-widget elementor-widget-heading\" data-id=\"89dc240\" data-element_type=\"widget\" data-e-type=\"widget\" data-widget_type=\"heading.default\">\n\t\t\t\t<div class=\"elementor-widget-container\">\n\t\t\t\t\t<h2 class=\"elementor-heading-title elementor-size-default\">Beneficios de migrar a PostgreSQL:<\/h2>\t\t\t\t<\/div>\n\t\t\t\t<\/div>\n\t\t\t\t\t<\/div>\n\t\t\t\t<\/div>\n\t\t<div class=\"elementor-element elementor-element-7c419f0 e-flex e-con-boxed e-con e-parent\" data-id=\"7c419f0\" data-element_type=\"container\" data-e-type=\"container\">\n\t\t\t\t\t<div class=\"e-con-inner\">\n\t\t<div class=\"elementor-element elementor-element-e021360 e-con-full e-flex e-con e-child\" data-id=\"e021360\" data-element_type=\"container\" data-e-type=\"container\">\n\t\t\t\t<div class=\"elementor-element elementor-element-9289da2 elementor-widget elementor-widget-text-editor\" data-id=\"9289da2\" data-element_type=\"widget\" data-e-type=\"widget\" data-widget_type=\"text-editor.default\">\n\t\t\t\t<div class=\"elementor-widget-container\">\n\t\t\t\t\t\t\t\t\t<ul><li data-sourcepos=\"20:1-20:139\"><strong>Costo total de propiedad reducido:<\/strong> PostgreSQL es una base de datos de c\u00f3digo abierto, lo que significa que no hay costos de licencia.<\/li><li data-sourcepos=\"21:1-21:134\"><strong>Mayor escalabilidad:<\/strong> PostgreSQL ofrece una excelente escalabilidad, lo que permite adaptarse a las crecientes demandas de datos.<\/li><\/ul>\t\t\t\t\t\t\t\t<\/div>\n\t\t\t\t<\/div>\n\t\t\t\t<\/div>\n\t\t<div class=\"elementor-element elementor-element-633b63f e-con-full e-flex e-con e-child\" data-id=\"633b63f\" data-element_type=\"container\" data-e-type=\"container\">\n\t\t\t\t<div class=\"elementor-element elementor-element-1a0add4 elementor-widget elementor-widget-text-editor\" data-id=\"1a0add4\" data-element_type=\"widget\" data-e-type=\"widget\" data-widget_type=\"text-editor.default\">\n\t\t\t\t<div class=\"elementor-widget-container\">\n\t\t\t\t\t\t\t\t\t<ul><li data-sourcepos=\"22:1-22:130\"><strong>Alta disponibilidad:<\/strong> PostgreSQL cuenta con caracter\u00edsticas de alta disponibilidad que garantizan la continuidad del negocio.<\/li><li data-sourcepos=\"23:1-24:0\"><strong>Gran comunidad:<\/strong> PostgreSQL tiene una gran comunidad de usuarios y desarrolladores, lo que facilita encontrar soporte y soluciones.<\/li><\/ul>\t\t\t\t\t\t\t\t<\/div>\n\t\t\t\t<\/div>\n\t\t\t\t<\/div>\n\t\t\t\t\t<\/div>\n\t\t\t\t<\/div>\n\t\t<div class=\"elementor-element elementor-element-c0d0402 e-flex e-con-boxed e-con e-parent\" data-id=\"c0d0402\" data-element_type=\"container\" data-e-type=\"container\" data-settings=\"{&quot;background_background&quot;:&quot;classic&quot;}\">\n\t\t\t\t\t<div class=\"e-con-inner\">\n\t\t\t\t<div class=\"elementor-element elementor-element-625c182 elementor-widget elementor-widget-text-editor\" data-id=\"625c182\" data-element_type=\"widget\" data-e-type=\"widget\" data-widget_type=\"text-editor.default\">\n\t\t\t\t<div class=\"elementor-widget-container\">\n\t\t\t\t\t\t\t\t\t<p>Verifire by Hopla! es una herramienta poderosa que simplifica y agiliza el proceso de migraci\u00f3n de Oracle a PostgreSQL. Si est\u00e1s considerando realizar esta migraci\u00f3n, Verifire puede ser una excelente opci\u00f3n para garantizar una transici\u00f3n exitosa y aprovechar todos los beneficios de PostgreSQL.<\/p>\t\t\t\t\t\t\t\t<\/div>\n\t\t\t\t<\/div>\n\t\t\t\t\t<\/div>\n\t\t\t\t<\/div>\n\t\t\t\t<\/div>\n\t\t","protected":false},"excerpt":{"rendered":"<p>Verifire Hopla! Verifire\u00ae est\u00e1 dise\u00f1ado para facilitar y agilizar las migraciones desde Oracle Database hacia EnterpriseDB Postgres Plus Advanced Server Contacto Principales Caracter\u00edsticas Verifica que la migraci\u00f3n se ha completado correctamente (mismos juegos de resultados) Comprueba que la aplicaci\u00f3n contin\u00fae siendo compatible con la nueva base de datos (detecci\u00f3n de fallos l\u00f3gicos) Detecta cuellos de [&hellip;]<\/p>\n","protected":false},"author":3,"featured_media":0,"parent":0,"menu_order":0,"comment_status":"closed","ping_status":"closed","template":"","meta":{"_acf_changed":false,"footnotes":""},"class_list":["post-13453","page","type-page","status-publish","hentry"],"acf":[],"yoast_head":"<!-- This site is optimized with the Yoast SEO Premium plugin v23.4 (Yoast SEO v27.5) - https:\/\/yoast.com\/product\/yoast-seo-premium-wordpress\/ -->\n<title>Verifire By Hopla! | Hopla! Tech<\/title>\n<meta name=\"description\" content=\"Verifire by Hopla! dise\u00f1ado para facilitar y agilizar las migraciones desde Oracle Database hacia EnterpriseDB Postgres Plus Advanced Server\" \/>\n<meta name=\"robots\" content=\"index, follow, max-snippet:-1, max-image-preview:large, max-video-preview:-1\" \/>\n<link rel=\"canonical\" href=\"https:\/\/hopla.tech\/en\/verifire-by-hopla\/\" \/>\n<meta property=\"og:locale\" content=\"en_GB\" \/>\n<meta property=\"og:type\" content=\"article\" \/>\n<meta property=\"og:title\" content=\"Verifire By Hopla!\" \/>\n<meta property=\"og:description\" content=\"Verifire by Hopla! dise\u00f1ado para facilitar y agilizar las migraciones desde Oracle Database hacia EnterpriseDB Postgres Plus Advanced Server\" \/>\n<meta property=\"og:url\" content=\"https:\/\/hopla.tech\/en\/verifire-by-hopla\/\" \/>\n<meta property=\"og:site_name\" content=\"Hopla! Tech\" \/>\n<meta property=\"article:modified_time\" content=\"2024-11-04T11:52:33+00:00\" \/>\n<meta property=\"og:image\" content=\"https:\/\/hopla.tech\/wp-content\/uploads\/2024\/07\/fondo-modernizacion.webp\" \/>\n<meta name=\"twitter:card\" content=\"summary_large_image\" \/>\n<meta name=\"twitter:site\" content=\"@HoplaSoftware\" \/>\n<meta name=\"twitter:label1\" content=\"Estimated reading time\" \/>\n\t<meta name=\"twitter:data1\" content=\"2 minutes\" \/>\n<script type=\"application\/ld+json\" class=\"yoast-schema-graph\">{\"@context\":\"https:\\\/\\\/schema.org\",\"@graph\":[{\"@type\":\"WebPage\",\"@id\":\"https:\\\/\\\/hopla.tech\\\/verifire-by-hopla\\\/\",\"url\":\"https:\\\/\\\/hopla.tech\\\/verifire-by-hopla\\\/\",\"name\":\"Verifire By Hopla! | Hopla! Tech\",\"isPartOf\":{\"@id\":\"https:\\\/\\\/hopla.tech\\\/#website\"},\"primaryImageOfPage\":{\"@id\":\"https:\\\/\\\/hopla.tech\\\/verifire-by-hopla\\\/#primaryimage\"},\"image\":{\"@id\":\"https:\\\/\\\/hopla.tech\\\/verifire-by-hopla\\\/#primaryimage\"},\"thumbnailUrl\":\"https:\\\/\\\/hopla.tech\\\/wp-content\\\/uploads\\\/2024\\\/07\\\/fondo-modernizacion.webp\",\"datePublished\":\"2024-11-04T11:37:56+00:00\",\"dateModified\":\"2024-11-04T11:52:33+00:00\",\"description\":\"Verifire by Hopla! dise\u00f1ado para facilitar y agilizar las migraciones desde Oracle Database hacia EnterpriseDB Postgres Plus Advanced Server\",\"breadcrumb\":{\"@id\":\"https:\\\/\\\/hopla.tech\\\/verifire-by-hopla\\\/#breadcrumb\"},\"inLanguage\":\"en-GB\",\"potentialAction\":[{\"@type\":\"ReadAction\",\"target\":[\"https:\\\/\\\/hopla.tech\\\/verifire-by-hopla\\\/\"]}]},{\"@type\":\"ImageObject\",\"inLanguage\":\"en-GB\",\"@id\":\"https:\\\/\\\/hopla.tech\\\/verifire-by-hopla\\\/#primaryimage\",\"url\":\"https:\\\/\\\/hopla.tech\\\/wp-content\\\/uploads\\\/2024\\\/07\\\/fondo-modernizacion.webp\",\"contentUrl\":\"https:\\\/\\\/hopla.tech\\\/wp-content\\\/uploads\\\/2024\\\/07\\\/fondo-modernizacion.webp\"},{\"@type\":\"BreadcrumbList\",\"@id\":\"https:\\\/\\\/hopla.tech\\\/verifire-by-hopla\\\/#breadcrumb\",\"itemListElement\":[{\"@type\":\"ListItem\",\"position\":1,\"name\":\"Portada\",\"item\":\"https:\\\/\\\/hopla.tech\\\/\"},{\"@type\":\"ListItem\",\"position\":2,\"name\":\"Verifire By Hopla!\"}]},{\"@type\":\"WebSite\",\"@id\":\"https:\\\/\\\/hopla.tech\\\/#website\",\"url\":\"https:\\\/\\\/hopla.tech\\\/\",\"name\":\"Hopla! Tech\",\"description\":\"The enterprise software and consultancy company\",\"publisher\":{\"@id\":\"https:\\\/\\\/hopla.tech\\\/#organization\"},\"alternateName\":\"Hopla!\",\"potentialAction\":[{\"@type\":\"SearchAction\",\"target\":{\"@type\":\"EntryPoint\",\"urlTemplate\":\"https:\\\/\\\/hopla.tech\\\/?s={search_term_string}\"},\"query-input\":{\"@type\":\"PropertyValueSpecification\",\"valueRequired\":true,\"valueName\":\"search_term_string\"}}],\"inLanguage\":\"en-GB\"},{\"@type\":\"Organization\",\"@id\":\"https:\\\/\\\/hopla.tech\\\/#organization\",\"name\":\"Hopla! Tech\",\"alternateName\":\"Hopla!\",\"url\":\"https:\\\/\\\/hopla.tech\\\/\",\"logo\":{\"@type\":\"ImageObject\",\"inLanguage\":\"en-GB\",\"@id\":\"https:\\\/\\\/hopla.tech\\\/#\\\/schema\\\/logo\\\/image\\\/\",\"url\":\"https:\\\/\\\/hopla.tech\\\/wp-content\\\/uploads\\\/2025\\\/12\\\/Hopla-by-BTW-b-3.webp\",\"contentUrl\":\"https:\\\/\\\/hopla.tech\\\/wp-content\\\/uploads\\\/2025\\\/12\\\/Hopla-by-BTW-b-3.webp\",\"width\":274,\"height\":115,\"caption\":\"Hopla! Tech\"},\"image\":{\"@id\":\"https:\\\/\\\/hopla.tech\\\/#\\\/schema\\\/logo\\\/image\\\/\"},\"sameAs\":[\"https:\\\/\\\/x.com\\\/HoplaSoftware\",\"https:\\\/\\\/www.linkedin.com\\\/company\\\/hopla-software\\\/\",\"https:\\\/\\\/www.youtube.com\\\/@hoplasoftware7485\"]}]}<\/script>\n<!-- \/ Yoast SEO Premium plugin. -->","yoast_head_json":{"title":"Verifire By Hopla! | Hopla! Tech","description":"Verifire by Hopla! dise\u00f1ado para facilitar y agilizar las migraciones desde Oracle Database hacia EnterpriseDB Postgres Plus Advanced Server","robots":{"index":"index","follow":"follow","max-snippet":"max-snippet:-1","max-image-preview":"max-image-preview:large","max-video-preview":"max-video-preview:-1"},"canonical":"https:\/\/hopla.tech\/en\/verifire-by-hopla\/","og_locale":"en_GB","og_type":"article","og_title":"Verifire By Hopla!","og_description":"Verifire by Hopla! dise\u00f1ado para facilitar y agilizar las migraciones desde Oracle Database hacia EnterpriseDB Postgres Plus Advanced Server","og_url":"https:\/\/hopla.tech\/en\/verifire-by-hopla\/","og_site_name":"Hopla! Tech","article_modified_time":"2024-11-04T11:52:33+00:00","og_image":[{"url":"https:\/\/hopla.tech\/wp-content\/uploads\/2024\/07\/fondo-modernizacion.webp","type":"","width":"","height":""}],"twitter_card":"summary_large_image","twitter_site":"@HoplaSoftware","twitter_misc":{"Estimated reading time":"2 minutes"},"schema":{"@context":"https:\/\/schema.org","@graph":[{"@type":"WebPage","@id":"https:\/\/hopla.tech\/verifire-by-hopla\/","url":"https:\/\/hopla.tech\/verifire-by-hopla\/","name":"Verifire By Hopla! | Hopla! Tech","isPartOf":{"@id":"https:\/\/hopla.tech\/#website"},"primaryImageOfPage":{"@id":"https:\/\/hopla.tech\/verifire-by-hopla\/#primaryimage"},"image":{"@id":"https:\/\/hopla.tech\/verifire-by-hopla\/#primaryimage"},"thumbnailUrl":"https:\/\/hopla.tech\/wp-content\/uploads\/2024\/07\/fondo-modernizacion.webp","datePublished":"2024-11-04T11:37:56+00:00","dateModified":"2024-11-04T11:52:33+00:00","description":"Verifire by Hopla! dise\u00f1ado para facilitar y agilizar las migraciones desde Oracle Database hacia EnterpriseDB Postgres Plus Advanced Server","breadcrumb":{"@id":"https:\/\/hopla.tech\/verifire-by-hopla\/#breadcrumb"},"inLanguage":"en-GB","potentialAction":[{"@type":"ReadAction","target":["https:\/\/hopla.tech\/verifire-by-hopla\/"]}]},{"@type":"ImageObject","inLanguage":"en-GB","@id":"https:\/\/hopla.tech\/verifire-by-hopla\/#primaryimage","url":"https:\/\/hopla.tech\/wp-content\/uploads\/2024\/07\/fondo-modernizacion.webp","contentUrl":"https:\/\/hopla.tech\/wp-content\/uploads\/2024\/07\/fondo-modernizacion.webp"},{"@type":"BreadcrumbList","@id":"https:\/\/hopla.tech\/verifire-by-hopla\/#breadcrumb","itemListElement":[{"@type":"ListItem","position":1,"name":"Portada","item":"https:\/\/hopla.tech\/"},{"@type":"ListItem","position":2,"name":"Verifire By Hopla!"}]},{"@type":"WebSite","@id":"https:\/\/hopla.tech\/#website","url":"https:\/\/hopla.tech\/","name":"Hopla! Tech","description":"The enterprise software and consultancy company","publisher":{"@id":"https:\/\/hopla.tech\/#organization"},"alternateName":"Hopla!","potentialAction":[{"@type":"SearchAction","target":{"@type":"EntryPoint","urlTemplate":"https:\/\/hopla.tech\/?s={search_term_string}"},"query-input":{"@type":"PropertyValueSpecification","valueRequired":true,"valueName":"search_term_string"}}],"inLanguage":"en-GB"},{"@type":"Organization","@id":"https:\/\/hopla.tech\/#organization","name":"Hopla! Tech","alternateName":"Hopla!","url":"https:\/\/hopla.tech\/","logo":{"@type":"ImageObject","inLanguage":"en-GB","@id":"https:\/\/hopla.tech\/#\/schema\/logo\/image\/","url":"https:\/\/hopla.tech\/wp-content\/uploads\/2025\/12\/Hopla-by-BTW-b-3.webp","contentUrl":"https:\/\/hopla.tech\/wp-content\/uploads\/2025\/12\/Hopla-by-BTW-b-3.webp","width":274,"height":115,"caption":"Hopla! Tech"},"image":{"@id":"https:\/\/hopla.tech\/#\/schema\/logo\/image\/"},"sameAs":["https:\/\/x.com\/HoplaSoftware","https:\/\/www.linkedin.com\/company\/hopla-software\/","https:\/\/www.youtube.com\/@hoplasoftware7485"]}]}},"_links":{"self":[{"href":"https:\/\/hopla.tech\/en\/wp-json\/wp\/v2\/pages\/13453","targetHints":{"allow":["GET"]}}],"collection":[{"href":"https:\/\/hopla.tech\/en\/wp-json\/wp\/v2\/pages"}],"about":[{"href":"https:\/\/hopla.tech\/en\/wp-json\/wp\/v2\/types\/page"}],"author":[{"embeddable":true,"href":"https:\/\/hopla.tech\/en\/wp-json\/wp\/v2\/users\/3"}],"replies":[{"embeddable":true,"href":"https:\/\/hopla.tech\/en\/wp-json\/wp\/v2\/comments?post=13453"}],"version-history":[{"count":21,"href":"https:\/\/hopla.tech\/en\/wp-json\/wp\/v2\/pages\/13453\/revisions"}],"predecessor-version":[{"id":13474,"href":"https:\/\/hopla.tech\/en\/wp-json\/wp\/v2\/pages\/13453\/revisions\/13474"}],"wp:attachment":[{"href":"https:\/\/hopla.tech\/en\/wp-json\/wp\/v2\/media?parent=13453"}],"curies":[{"name":"wp","href":"https:\/\/api.w.org\/{rel}","templated":true}]}}