{"id":13500,"date":"2024-11-04T16:06:38","date_gmt":"2024-11-04T15:06:38","guid":{"rendered":"https:\/\/hopla.tech\/?page_id=13500"},"modified":"2026-02-19T16:00:12","modified_gmt":"2026-02-19T15:00:12","slug":"aerospike","status":"publish","type":"page","link":"https:\/\/hopla.tech\/en\/aerospike\/","title":{"rendered":"Aerospike"},"content":{"rendered":"<div data-elementor-type=\"wp-page\" data-elementor-id=\"13500\" class=\"elementor elementor-13500\" data-elementor-post-type=\"page\">\n\t\t\t\t<div class=\"elementor-element elementor-element-1751a363 e-con-full e-flex e-con e-parent\" data-id=\"1751a363\" data-element_type=\"container\" data-e-type=\"container\" data-settings=\"{&quot;background_background&quot;:&quot;classic&quot;}\">\n\t\t<div class=\"elementor-element elementor-element-efb9463 e-flex e-con-boxed e-con e-child\" data-id=\"efb9463\" data-element_type=\"container\" data-e-type=\"container\" data-settings=\"{&quot;background_background&quot;:&quot;classic&quot;}\">\n\t\t\t\t\t<div class=\"e-con-inner\">\n\t\t\t\t<div class=\"elementor-element elementor-element-79075fd3 elementor-widget elementor-widget-heading\" data-id=\"79075fd3\" data-element_type=\"widget\" data-e-type=\"widget\" data-widget_type=\"heading.default\">\n\t\t\t\t<div class=\"elementor-widget-container\">\n\t\t\t\t\t<h1 class=\"elementor-heading-title elementor-size-default\">Aerospike<\/h1>\t\t\t\t<\/div>\n\t\t\t\t<\/div>\n\t\t\t\t<div class=\"elementor-element elementor-element-6e196bef elementor-widget__width-inherit elementor-widget elementor-widget-image\" data-id=\"6e196bef\" data-element_type=\"widget\" data-e-type=\"widget\" data-widget_type=\"image.default\">\n\t\t\t\t<div class=\"elementor-widget-container\">\n\t\t\t\t\t\t\t\t\t\t\t\t\t\t\t<img fetchpriority=\"high\" decoding=\"async\" width=\"2000\" height=\"1227\" src=\"https:\/\/hopla.tech\/wp-content\/uploads\/2024\/11\/Aerospike-Logo-2000x1227-1.webp\" class=\"attachment-full size-full wp-image-13503\" alt=\"aerospike\" srcset=\"https:\/\/hopla.tech\/wp-content\/uploads\/2024\/11\/Aerospike-Logo-2000x1227-1.webp 2000w, https:\/\/hopla.tech\/wp-content\/uploads\/2024\/11\/Aerospike-Logo-2000x1227-1-1024x628.webp 1024w\" sizes=\"(max-width: 2000px) 100vw, 2000px\" \/>\t\t\t\t\t\t\t\t\t\t\t\t\t\t\t<\/div>\n\t\t\t\t<\/div>\n\t\t\t\t\t<\/div>\n\t\t\t\t<\/div>\n\t\t<div class=\"elementor-element elementor-element-d0bf490 e-flex e-con-boxed e-con e-child\" data-id=\"d0bf490\" data-element_type=\"container\" data-e-type=\"container\">\n\t\t\t\t\t<div class=\"e-con-inner\">\n\t\t\t\t<div class=\"elementor-element elementor-element-5f710ea0 elementor-widget__width-initial elementor-widget elementor-widget-heading\" data-id=\"5f710ea0\" data-element_type=\"widget\" data-e-type=\"widget\" data-widget_type=\"heading.default\">\n\t\t\t\t<div class=\"elementor-widget-container\">\n\t\t\t\t\t<h2 class=\"elementor-heading-title elementor-size-default\">La plataforma de datos multimodelo en tiempo real\n<\/h2>\t\t\t\t<\/div>\n\t\t\t\t<\/div>\n\t\t\t\t<div class=\"elementor-element elementor-element-62532b0d elementor-widget elementor-widget-button\" data-id=\"62532b0d\" data-element_type=\"widget\" data-e-type=\"widget\" data-widget_type=\"button.default\">\n\t\t\t\t<div class=\"elementor-widget-container\">\n\t\t\t\t\t\t\t\t\t<div class=\"elementor-button-wrapper\">\n\t\t\t\t\t<a class=\"elementor-button elementor-button-link elementor-size-sm\" href=\"#formulario-pie\">\n\t\t\t\t\t\t<span class=\"elementor-button-content-wrapper\">\n\t\t\t\t\t\t\t\t\t<span class=\"elementor-button-text\">Contact<\/span>\n\t\t\t\t\t<\/span>\n\t\t\t\t\t<\/a>\n\t\t\t\t<\/div>\n\t\t\t\t\t\t\t\t<\/div>\n\t\t\t\t<\/div>\n\t\t\t\t\t<\/div>\n\t\t\t\t<\/div>\n\t\t\t\t<\/div>\n\t\t<div class=\"elementor-element elementor-element-b0a4774 e-flex e-con-boxed e-con e-parent\" data-id=\"b0a4774\" data-element_type=\"container\" data-e-type=\"container\">\n\t\t\t\t\t<div class=\"e-con-inner\">\n\t\t\t\t<div class=\"elementor-element elementor-element-3398877 elementor-widget elementor-widget-text-editor\" data-id=\"3398877\" data-element_type=\"widget\" data-e-type=\"widget\" data-widget_type=\"text-editor.default\">\n\t\t\t\t<div class=\"elementor-widget-container\">\n\t\t\t\t\t\t\t\t\t<p><span style=\"font-weight: 400;\">La plataforma de datos NoSQL en tiempo real de m\u00faltiples modelos para casos de uso de JSON y SQL a gran escala y m\u00faltiples nubes. La base de datos de <\/span><a href=\"https:\/\/aerospike.com\/\"><span style=\"font-weight: 400;\">Aerospike<\/span><\/a> <span style=\"font-weight: 400;\">tiene la latencia m\u00e1s baja con un rendimiento predecible a cualquier escala, con un tiempo de actividad l\u00edder en la industria, que requiere hasta un 80 % menos de infraestructura.<\/span><\/p><p>\u00a0<\/p><p><span style=\"font-weight: 400;\">La plataforma de datos en tiempo real de <\/span><a href=\"https:\/\/aerospike.com\/\"><span style=\"font-weight: 400;\">Aerospike<\/span><\/a> <span style=\"font-weight: 400;\">permite a las organizaciones actuar en tiempo real en miles de millones de transacciones, utilizando un paralelismo masivo y un modelo de memoria h\u00edbrida para garantizar la menor huella de servidor posible. Ingiere y act\u00faa sobre la transmisi\u00f3n de datos en tiempo real y puede combinarlos con fuentes de datos tradicionales, soluciones de terceros o lagos de datos para cargas de trabajo operativas, transaccionales o anal\u00edticas, todo en tiempo real.<\/span><\/p>\t\t\t\t\t\t\t\t<\/div>\n\t\t\t\t<\/div>\n\t\t\t\t\t<\/div>\n\t\t\t\t<\/div>\n\t\t<div class=\"elementor-element elementor-element-ea475fd e-flex e-con-boxed e-con e-parent\" data-id=\"ea475fd\" data-element_type=\"container\" data-e-type=\"container\">\n\t\t\t\t\t<div class=\"e-con-inner\">\n\t\t\t\t<div class=\"elementor-element elementor-element-5221205 elementor-widget elementor-widget-heading\" data-id=\"5221205\" data-element_type=\"widget\" data-e-type=\"widget\" data-widget_type=\"heading.default\">\n\t\t\t\t<div class=\"elementor-widget-container\">\n\t\t\t\t\t<h2 class=\"elementor-heading-title elementor-size-default\">Aerospike, marca la diferencia<\/h2>\t\t\t\t<\/div>\n\t\t\t\t<\/div>\n\t\t\t\t\t<\/div>\n\t\t\t\t<\/div>\n\t\t<div class=\"elementor-element elementor-element-42fc93b e-flex e-con-boxed e-con e-parent\" data-id=\"42fc93b\" data-element_type=\"container\" data-e-type=\"container\">\n\t\t\t\t\t<div class=\"e-con-inner\">\n\t\t\t\t<div class=\"elementor-element elementor-element-3de4915 elementor-widget elementor-widget-text-editor\" data-id=\"3de4915\" data-element_type=\"widget\" data-e-type=\"widget\" data-widget_type=\"text-editor.default\">\n\t\t\t\t<div class=\"elementor-widget-container\">\n\t\t\t\t\t\t\t\t\t<p><span style=\"font-weight: 400;\">Se acab\u00f3 elegir entre alto rendimiento, escalabilidad, consistencia y bajo coste total de operaciones para aplicaciones distribuidas globalmente.<\/span><\/p>\t\t\t\t\t\t\t\t<\/div>\n\t\t\t\t<\/div>\n\t\t\t\t\t<\/div>\n\t\t\t\t<\/div>\n\t\t<div class=\"elementor-element elementor-element-20a2d99 e-flex e-con-boxed e-con e-parent\" data-id=\"20a2d99\" data-element_type=\"container\" data-e-type=\"container\" data-settings=\"{&quot;background_background&quot;:&quot;classic&quot;}\">\n\t\t\t\t\t<div class=\"e-con-inner\">\n\t\t<div class=\"elementor-element elementor-element-ed4dbde e-con-full e-flex e-con e-child\" data-id=\"ed4dbde\" data-element_type=\"container\" data-e-type=\"container\">\n\t\t\t\t<div class=\"elementor-element elementor-element-e67e0f1 elementor-widget elementor-widget-text-editor\" data-id=\"e67e0f1\" data-element_type=\"widget\" data-e-type=\"widget\" data-widget_type=\"text-editor.default\">\n\t\t\t\t<div class=\"elementor-widget-container\">\n\t\t\t\t\t\t\t\t\t<p>A escala ilimitada.<\/p><p>Rendimiento predecible de gigabytes a petabytes de datos. Crea tus aplicaciones de misi\u00f3n cr\u00edtica en tiempo real con tranquilidad y cumplimiento de los SLA m\u00e1s estrictos<\/p>\t\t\t\t\t\t\t\t<\/div>\n\t\t\t\t<\/div>\n\t\t\t\t<\/div>\n\t\t<div class=\"elementor-element elementor-element-70c01d7 e-con-full e-flex e-con e-child\" data-id=\"70c01d7\" data-element_type=\"container\" data-e-type=\"container\">\n\t\t\t\t<div class=\"elementor-element elementor-element-875e6e4 elementor-widget elementor-widget-text-editor\" data-id=\"875e6e4\" data-element_type=\"widget\" data-e-type=\"widget\" data-widget_type=\"text-editor.default\">\n\t\t\t\t<div class=\"elementor-widget-container\">\n\t\t\t\t\t\t\t\t\t<p>Todo el tiempo.\u00a0<\/p><p>Tiempo de actividad con datos distribuidos globalmente y muy consistentes. Descubre por qu\u00e9 nuestros clientes dicen: \u00abAerospike simplemente funciona\u00bb<\/p><p>\u00a0<\/p>\t\t\t\t\t\t\t\t<\/div>\n\t\t\t\t<\/div>\n\t\t\t\t<\/div>\n\t\t<div class=\"elementor-element elementor-element-5cc3598 e-con-full e-flex e-con e-child\" data-id=\"5cc3598\" data-element_type=\"container\" data-e-type=\"container\">\n\t\t\t\t<div class=\"elementor-element elementor-element-6893f67 elementor-widget elementor-widget-text-editor\" data-id=\"6893f67\" data-element_type=\"widget\" data-e-type=\"widget\" data-widget_type=\"text-editor.default\">\n\t\t\t\t<div class=\"elementor-widget-container\">\n\t\t\t\t\t\t\t\t\t<p>Reduce la huella y haz crece tu negocio.<\/p><p>Los clientes suelen reducir el espacio ocupado por el servidor o la instancia en la nube u on-prem hasta en un 80%, incuso a medida que crecen los datos y el negocio<\/p>\t\t\t\t\t\t\t\t<\/div>\n\t\t\t\t<\/div>\n\t\t\t\t<\/div>\n\t\t\t\t\t<\/div>\n\t\t\t\t<\/div>\n\t\t\t\t<\/div>","protected":false},"excerpt":{"rendered":"<p>Aerospike La plataforma de datos multimodelo en tiempo real Contacto La plataforma de datos NoSQL en tiempo real de m\u00faltiples modelos para casos de uso de JSON y SQL a gran escala y m\u00faltiples nubes. La base de datos de Aerospike tiene la latencia m\u00e1s baja con un rendimiento predecible a cualquier escala, con un [&hellip;]<\/p>\n","protected":false},"author":3,"featured_media":0,"parent":0,"menu_order":0,"comment_status":"closed","ping_status":"closed","template":"","meta":{"_acf_changed":false,"footnotes":""},"class_list":["post-13500","page","type-page","status-publish","hentry"],"acf":[],"yoast_head":"<!-- This site is optimized with the Yoast SEO Premium plugin v23.4 (Yoast SEO v27.3) - https:\/\/yoast.com\/product\/yoast-seo-premium-wordpress\/ -->\n<title>Aerospike | Hopla! Tech<\/title>\n<meta name=\"description\" content=\"Aerospike: la plataforma de datos multimodelo en tiempo real.\" \/>\n<meta name=\"robots\" content=\"index, follow, max-snippet:-1, max-image-preview:large, max-video-preview:-1\" \/>\n<link rel=\"canonical\" href=\"https:\/\/hopla.tech\/en\/aerospike\/\" \/>\n<meta property=\"og:locale\" content=\"en_GB\" \/>\n<meta property=\"og:type\" content=\"article\" \/>\n<meta property=\"og:title\" content=\"Aerospike\" \/>\n<meta property=\"og:description\" content=\"Aerospike: la plataforma de datos multimodelo en tiempo real.\" \/>\n<meta property=\"og:url\" content=\"https:\/\/hopla.tech\/en\/aerospike\/\" \/>\n<meta property=\"og:site_name\" content=\"Hopla! Tech\" \/>\n<meta property=\"article:modified_time\" content=\"2026-02-19T15:00:12+00:00\" \/>\n<meta property=\"og:image\" content=\"https:\/\/hopla.tech\/wp-content\/uploads\/2024\/11\/Aerospike-Logo-2000x1227-1.webp\" \/>\n\t<meta property=\"og:image:width\" content=\"2000\" \/>\n\t<meta property=\"og:image:height\" content=\"1227\" \/>\n\t<meta property=\"og:image:type\" content=\"image\/webp\" \/>\n<meta name=\"twitter:card\" content=\"summary_large_image\" \/>\n<meta name=\"twitter:site\" content=\"@HoplaSoftware\" \/>\n<meta name=\"twitter:label1\" content=\"Estimated reading time\" \/>\n\t<meta name=\"twitter:data1\" content=\"2 minutes\" \/>\n<script type=\"application\/ld+json\" class=\"yoast-schema-graph\">{\"@context\":\"https:\\\/\\\/schema.org\",\"@graph\":[{\"@type\":\"WebPage\",\"@id\":\"https:\\\/\\\/hopla.tech\\\/aerospike\\\/\",\"url\":\"https:\\\/\\\/hopla.tech\\\/aerospike\\\/\",\"name\":\"Aerospike | Hopla! Tech\",\"isPartOf\":{\"@id\":\"https:\\\/\\\/hopla.tech\\\/#website\"},\"primaryImageOfPage\":{\"@id\":\"https:\\\/\\\/hopla.tech\\\/aerospike\\\/#primaryimage\"},\"image\":{\"@id\":\"https:\\\/\\\/hopla.tech\\\/aerospike\\\/#primaryimage\"},\"thumbnailUrl\":\"https:\\\/\\\/hopla.tech\\\/wp-content\\\/uploads\\\/2024\\\/11\\\/Aerospike-Logo-2000x1227-1.webp\",\"datePublished\":\"2024-11-04T15:06:38+00:00\",\"dateModified\":\"2026-02-19T15:00:12+00:00\",\"description\":\"Aerospike: la plataforma de datos multimodelo en tiempo real.\",\"breadcrumb\":{\"@id\":\"https:\\\/\\\/hopla.tech\\\/aerospike\\\/#breadcrumb\"},\"inLanguage\":\"en-GB\",\"potentialAction\":[{\"@type\":\"ReadAction\",\"target\":[\"https:\\\/\\\/hopla.tech\\\/aerospike\\\/\"]}]},{\"@type\":\"ImageObject\",\"inLanguage\":\"en-GB\",\"@id\":\"https:\\\/\\\/hopla.tech\\\/aerospike\\\/#primaryimage\",\"url\":\"https:\\\/\\\/hopla.tech\\\/wp-content\\\/uploads\\\/2024\\\/11\\\/Aerospike-Logo-2000x1227-1.webp\",\"contentUrl\":\"https:\\\/\\\/hopla.tech\\\/wp-content\\\/uploads\\\/2024\\\/11\\\/Aerospike-Logo-2000x1227-1.webp\"},{\"@type\":\"BreadcrumbList\",\"@id\":\"https:\\\/\\\/hopla.tech\\\/aerospike\\\/#breadcrumb\",\"itemListElement\":[{\"@type\":\"ListItem\",\"position\":1,\"name\":\"Portada\",\"item\":\"https:\\\/\\\/hopla.tech\\\/\"},{\"@type\":\"ListItem\",\"position\":2,\"name\":\"Aerospike\"}]},{\"@type\":\"WebSite\",\"@id\":\"https:\\\/\\\/hopla.tech\\\/#website\",\"url\":\"https:\\\/\\\/hopla.tech\\\/\",\"name\":\"Hopla! Tech\",\"description\":\"The enterprise software and consultancy company\",\"publisher\":{\"@id\":\"https:\\\/\\\/hopla.tech\\\/#organization\"},\"alternateName\":\"Hopla!\",\"potentialAction\":[{\"@type\":\"SearchAction\",\"target\":{\"@type\":\"EntryPoint\",\"urlTemplate\":\"https:\\\/\\\/hopla.tech\\\/?s={search_term_string}\"},\"query-input\":{\"@type\":\"PropertyValueSpecification\",\"valueRequired\":true,\"valueName\":\"search_term_string\"}}],\"inLanguage\":\"en-GB\"},{\"@type\":\"Organization\",\"@id\":\"https:\\\/\\\/hopla.tech\\\/#organization\",\"name\":\"Hopla! Tech\",\"alternateName\":\"Hopla!\",\"url\":\"https:\\\/\\\/hopla.tech\\\/\",\"logo\":{\"@type\":\"ImageObject\",\"inLanguage\":\"en-GB\",\"@id\":\"https:\\\/\\\/hopla.tech\\\/#\\\/schema\\\/logo\\\/image\\\/\",\"url\":\"https:\\\/\\\/hopla.tech\\\/wp-content\\\/uploads\\\/2025\\\/12\\\/Hopla-by-BTW-b-3.webp\",\"contentUrl\":\"https:\\\/\\\/hopla.tech\\\/wp-content\\\/uploads\\\/2025\\\/12\\\/Hopla-by-BTW-b-3.webp\",\"width\":274,\"height\":115,\"caption\":\"Hopla! Tech\"},\"image\":{\"@id\":\"https:\\\/\\\/hopla.tech\\\/#\\\/schema\\\/logo\\\/image\\\/\"},\"sameAs\":[\"https:\\\/\\\/x.com\\\/HoplaSoftware\",\"https:\\\/\\\/www.linkedin.com\\\/company\\\/hopla-software\\\/\",\"https:\\\/\\\/www.youtube.com\\\/@hoplasoftware7485\"]}]}<\/script>\n<!-- \/ Yoast SEO Premium plugin. -->","yoast_head_json":{"title":"Aerospike | Hopla! Tech","description":"Aerospike: la plataforma de datos multimodelo en tiempo real.","robots":{"index":"index","follow":"follow","max-snippet":"max-snippet:-1","max-image-preview":"max-image-preview:large","max-video-preview":"max-video-preview:-1"},"canonical":"https:\/\/hopla.tech\/en\/aerospike\/","og_locale":"en_GB","og_type":"article","og_title":"Aerospike","og_description":"Aerospike: la plataforma de datos multimodelo en tiempo real.","og_url":"https:\/\/hopla.tech\/en\/aerospike\/","og_site_name":"Hopla! Tech","article_modified_time":"2026-02-19T15:00:12+00:00","og_image":[{"width":2000,"height":1227,"url":"https:\/\/hopla.tech\/wp-content\/uploads\/2024\/11\/Aerospike-Logo-2000x1227-1.webp","type":"image\/webp"}],"twitter_card":"summary_large_image","twitter_site":"@HoplaSoftware","twitter_misc":{"Estimated reading time":"2 minutes"},"schema":{"@context":"https:\/\/schema.org","@graph":[{"@type":"WebPage","@id":"https:\/\/hopla.tech\/aerospike\/","url":"https:\/\/hopla.tech\/aerospike\/","name":"Aerospike | Hopla! Tech","isPartOf":{"@id":"https:\/\/hopla.tech\/#website"},"primaryImageOfPage":{"@id":"https:\/\/hopla.tech\/aerospike\/#primaryimage"},"image":{"@id":"https:\/\/hopla.tech\/aerospike\/#primaryimage"},"thumbnailUrl":"https:\/\/hopla.tech\/wp-content\/uploads\/2024\/11\/Aerospike-Logo-2000x1227-1.webp","datePublished":"2024-11-04T15:06:38+00:00","dateModified":"2026-02-19T15:00:12+00:00","description":"Aerospike: la plataforma de datos multimodelo en tiempo real.","breadcrumb":{"@id":"https:\/\/hopla.tech\/aerospike\/#breadcrumb"},"inLanguage":"en-GB","potentialAction":[{"@type":"ReadAction","target":["https:\/\/hopla.tech\/aerospike\/"]}]},{"@type":"ImageObject","inLanguage":"en-GB","@id":"https:\/\/hopla.tech\/aerospike\/#primaryimage","url":"https:\/\/hopla.tech\/wp-content\/uploads\/2024\/11\/Aerospike-Logo-2000x1227-1.webp","contentUrl":"https:\/\/hopla.tech\/wp-content\/uploads\/2024\/11\/Aerospike-Logo-2000x1227-1.webp"},{"@type":"BreadcrumbList","@id":"https:\/\/hopla.tech\/aerospike\/#breadcrumb","itemListElement":[{"@type":"ListItem","position":1,"name":"Portada","item":"https:\/\/hopla.tech\/"},{"@type":"ListItem","position":2,"name":"Aerospike"}]},{"@type":"WebSite","@id":"https:\/\/hopla.tech\/#website","url":"https:\/\/hopla.tech\/","name":"Hopla! Tech","description":"The enterprise software and consultancy company","publisher":{"@id":"https:\/\/hopla.tech\/#organization"},"alternateName":"Hopla!","potentialAction":[{"@type":"SearchAction","target":{"@type":"EntryPoint","urlTemplate":"https:\/\/hopla.tech\/?s={search_term_string}"},"query-input":{"@type":"PropertyValueSpecification","valueRequired":true,"valueName":"search_term_string"}}],"inLanguage":"en-GB"},{"@type":"Organization","@id":"https:\/\/hopla.tech\/#organization","name":"Hopla! Tech","alternateName":"Hopla!","url":"https:\/\/hopla.tech\/","logo":{"@type":"ImageObject","inLanguage":"en-GB","@id":"https:\/\/hopla.tech\/#\/schema\/logo\/image\/","url":"https:\/\/hopla.tech\/wp-content\/uploads\/2025\/12\/Hopla-by-BTW-b-3.webp","contentUrl":"https:\/\/hopla.tech\/wp-content\/uploads\/2025\/12\/Hopla-by-BTW-b-3.webp","width":274,"height":115,"caption":"Hopla! Tech"},"image":{"@id":"https:\/\/hopla.tech\/#\/schema\/logo\/image\/"},"sameAs":["https:\/\/x.com\/HoplaSoftware","https:\/\/www.linkedin.com\/company\/hopla-software\/","https:\/\/www.youtube.com\/@hoplasoftware7485"]}]}},"_links":{"self":[{"href":"https:\/\/hopla.tech\/en\/wp-json\/wp\/v2\/pages\/13500","targetHints":{"allow":["GET"]}}],"collection":[{"href":"https:\/\/hopla.tech\/en\/wp-json\/wp\/v2\/pages"}],"about":[{"href":"https:\/\/hopla.tech\/en\/wp-json\/wp\/v2\/types\/page"}],"author":[{"embeddable":true,"href":"https:\/\/hopla.tech\/en\/wp-json\/wp\/v2\/users\/3"}],"replies":[{"embeddable":true,"href":"https:\/\/hopla.tech\/en\/wp-json\/wp\/v2\/comments?post=13500"}],"version-history":[{"count":18,"href":"https:\/\/hopla.tech\/en\/wp-json\/wp\/v2\/pages\/13500\/revisions"}],"predecessor-version":[{"id":17130,"href":"https:\/\/hopla.tech\/en\/wp-json\/wp\/v2\/pages\/13500\/revisions\/17130"}],"wp:attachment":[{"href":"https:\/\/hopla.tech\/en\/wp-json\/wp\/v2\/media?parent=13500"}],"curies":[{"name":"wp","href":"https:\/\/api.w.org\/{rel}","templated":true}]}}