{"id":14203,"date":"2025-04-04T16:55:56","date_gmt":"2025-04-04T14:55:56","guid":{"rendered":"https:\/\/hopla.tech\/?page_id=14203"},"modified":"2025-04-04T17:01:23","modified_gmt":"2025-04-04T15:01:23","slug":"politicas-privacidad-events-hopla","status":"publish","type":"page","link":"https:\/\/hopla.tech\/en\/politicas-privacidad-events-hopla\/","title":{"rendered":"Pol\u00edticas de privacidad para eventos"},"content":{"rendered":"<div data-elementor-type=\"wp-page\" data-elementor-id=\"14203\" class=\"elementor elementor-14203\" data-elementor-post-type=\"page\">\n\t\t\t\t<div class=\"elementor-element elementor-element-999d154 e-flex e-con-boxed e-con e-parent\" data-id=\"999d154\" data-element_type=\"container\" data-e-type=\"container\">\n\t\t\t\t\t<div class=\"e-con-inner\">\n\t\t\t\t<div class=\"elementor-element elementor-element-55ac13f elementor-widget elementor-widget-heading\" data-id=\"55ac13f\" data-element_type=\"widget\" data-e-type=\"widget\" data-widget_type=\"heading.default\">\n\t\t\t\t<div class=\"elementor-widget-container\">\n\t\t\t\t\t<h2 class=\"elementor-heading-title elementor-size-default\"><br>Pol\u00edticas de privacidad<\/h2>\t\t\t\t<\/div>\n\t\t\t\t<\/div>\n\t\t\t\t\t<\/div>\n\t\t\t\t<\/div>\n\t\t<div class=\"elementor-element elementor-element-a9edd03 e-flex e-con-boxed e-con e-parent\" data-id=\"a9edd03\" data-element_type=\"container\" data-e-type=\"container\">\n\t\t\t\t\t<div class=\"e-con-inner\">\n\t\t\t\t<div class=\"elementor-element elementor-element-8eafafe elementor-widget elementor-widget-text-editor\" data-id=\"8eafafe\" data-element_type=\"widget\" data-e-type=\"widget\" data-widget_type=\"text-editor.default\">\n\t\t\t\t<div class=\"elementor-widget-container\">\n\t\t\t\t\t\t\t\t\t<p>Los datos recopilados a trav\u00e9s de este formulario son tratados por HOPLA SOFTWARE S.L como responsable del tratamiento de acuerdo con lo dispuesto en el Reglamento (UE) 2016\/679. Este tratamiento de datos es necesario para la gesti\u00f3n de su inscripci\u00f3n y el seguimiento de las prestaciones durante el evento. Estos datos se transmitir\u00e1n a los subcontratistas participantes en la organizaci\u00f3n del evento, y a los partners del evento como OVHcloud SAS. Las transferencias fuera de la Uni\u00f3n Europea cuentan con las garant\u00edas adecuadas, incluyendo una decisi\u00f3n de adecuaci\u00f3n por parte de la Comisi\u00f3n Europea, as\u00ed como medidas t\u00e9cnicas y organizativas. En caso de transferencia a un pa\u00eds considerado como no adecuado, se establecer\u00e1n cl\u00e1usulas contractuales tipo con la filial receptora de los datos. Tiene la posibilidad de presentar una reclamaci\u00f3n ante la autoridad de control competente, as\u00ed como de ejercer sus derechos de acceso, rectificaci\u00f3n, supresi\u00f3n, limitaci\u00f3n, portabilidad y oposici\u00f3n por motivos leg\u00edtimos. Si desea ejercer estos derechos, puede enviar su solicitud desde nuestra p\u00e1gina dedicada de HOPLA SOFTWARE S.L y la de OVHcloud SAS: https:\/\/hopla.tech\/politica-de-privacidad\/ y https:\/\/www.ovh.co.uk\/personal-data-protection\/exercise-your-rights. Aceptando los t\u00e9rminos y condiciones se otorga a HOPLA el derecho a grabar en v\u00eddeo y\/o fotografiar a los invitados para que dichas im\u00e1genes formen parte del material audiovisual de HOPLA y del partner del evento OVHcloud SAS, y se puedan usar y difundir estas im\u00e1genes, por cualquier medio (incluido electr\u00f3nico y redes sociales) con motivo de promover el evento. Esta autorizaci\u00f3n para la difusi\u00f3n de sus im\u00e1genes es revocable. Al registrarse, reconoce haber le\u00eddo y aceptado los t\u00e9rminos de la Pol\u00edtica de Privacidad.<\/p><p>Al registrarse acepta que ha le\u00eddo las pol\u00edticas de privacidad de Hopla y OVHcloud inclu\u00eddas en estos enlaces.<\/p><ul><li><span style=\"text-decoration: underline;\"><a href=\"https:\/\/hopla.tech\/en\/politica-de-privacidad\/\">Pol\u00edticas de privacidad de Hopla!<\/a><\/span><\/li><li><span style=\"text-decoration: underline;\"><a href=\"https:\/\/www.ovhcloud.com\/es-es\/personal-data-protection\/\">Pol\u00edticas de privacidad de OVHcloud<\/a>.\u00a0<\/span><\/li><\/ul><div>\u00a0<\/div>\t\t\t\t\t\t\t\t<\/div>\n\t\t\t\t<\/div>\n\t\t\t\t\t<\/div>\n\t\t\t\t<\/div>\n\t\t\t\t<\/div>","protected":false},"excerpt":{"rendered":"<p>Pol\u00edticas de privacidad Los datos recopilados a trav\u00e9s de este formulario son tratados por HOPLA SOFTWARE S.L como responsable del tratamiento de acuerdo con lo dispuesto en el Reglamento (UE) 2016\/679. Este tratamiento de datos es necesario para la gesti\u00f3n de su inscripci\u00f3n y el seguimiento de las prestaciones durante el evento. Estos datos se [&hellip;]<\/p>\n","protected":false},"author":3,"featured_media":0,"parent":0,"menu_order":0,"comment_status":"closed","ping_status":"closed","template":"","meta":{"_acf_changed":false,"footnotes":""},"class_list":["post-14203","page","type-page","status-publish","hentry"],"acf":[],"yoast_head":"<!-- This site is optimized with the Yoast SEO Premium plugin v23.4 (Yoast SEO v27.3) - https:\/\/yoast.com\/product\/yoast-seo-premium-wordpress\/ -->\n<title>Pol\u00edticas de privacidad para eventos | Hopla! Tech<\/title>\n<meta name=\"robots\" content=\"index, follow, max-snippet:-1, max-image-preview:large, max-video-preview:-1\" \/>\n<link rel=\"canonical\" href=\"https:\/\/hopla.tech\/en\/politicas-privacidad-events-hopla\/\" \/>\n<meta property=\"og:locale\" content=\"en_GB\" \/>\n<meta property=\"og:type\" content=\"article\" \/>\n<meta property=\"og:title\" content=\"Pol\u00edticas de privacidad para eventos\" \/>\n<meta property=\"og:description\" content=\"Pol\u00edticas de privacidad Los datos recopilados a trav\u00e9s de este formulario son tratados por HOPLA SOFTWARE S.L como responsable del tratamiento de acuerdo con lo dispuesto en el Reglamento (UE) 2016\/679. Este tratamiento de datos es necesario para la gesti\u00f3n de su inscripci\u00f3n y el seguimiento de las prestaciones durante el evento. Estos datos se [&hellip;]\" \/>\n<meta property=\"og:url\" content=\"https:\/\/hopla.tech\/en\/politicas-privacidad-events-hopla\/\" \/>\n<meta property=\"og:site_name\" content=\"Hopla! Tech\" \/>\n<meta property=\"article:modified_time\" content=\"2025-04-04T15:01:23+00:00\" \/>\n<meta name=\"twitter:card\" content=\"summary_large_image\" \/>\n<meta name=\"twitter:site\" content=\"@HoplaSoftware\" \/>\n<meta name=\"twitter:label1\" content=\"Estimated reading time\" \/>\n\t<meta name=\"twitter:data1\" content=\"2 minutes\" \/>\n<script type=\"application\/ld+json\" class=\"yoast-schema-graph\">{\"@context\":\"https:\\\/\\\/schema.org\",\"@graph\":[{\"@type\":\"WebPage\",\"@id\":\"https:\\\/\\\/hopla.tech\\\/politicas-privacidad-events-hopla\\\/\",\"url\":\"https:\\\/\\\/hopla.tech\\\/politicas-privacidad-events-hopla\\\/\",\"name\":\"Pol\u00edticas de privacidad para eventos | Hopla! Tech\",\"isPartOf\":{\"@id\":\"https:\\\/\\\/hopla.tech\\\/#website\"},\"datePublished\":\"2025-04-04T14:55:56+00:00\",\"dateModified\":\"2025-04-04T15:01:23+00:00\",\"breadcrumb\":{\"@id\":\"https:\\\/\\\/hopla.tech\\\/politicas-privacidad-events-hopla\\\/#breadcrumb\"},\"inLanguage\":\"en-GB\",\"potentialAction\":[{\"@type\":\"ReadAction\",\"target\":[\"https:\\\/\\\/hopla.tech\\\/politicas-privacidad-events-hopla\\\/\"]}]},{\"@type\":\"BreadcrumbList\",\"@id\":\"https:\\\/\\\/hopla.tech\\\/politicas-privacidad-events-hopla\\\/#breadcrumb\",\"itemListElement\":[{\"@type\":\"ListItem\",\"position\":1,\"name\":\"Portada\",\"item\":\"https:\\\/\\\/hopla.tech\\\/\"},{\"@type\":\"ListItem\",\"position\":2,\"name\":\"Pol\u00edticas de privacidad para eventos\"}]},{\"@type\":\"WebSite\",\"@id\":\"https:\\\/\\\/hopla.tech\\\/#website\",\"url\":\"https:\\\/\\\/hopla.tech\\\/\",\"name\":\"Hopla! Tech\",\"description\":\"The enterprise software and consultancy company\",\"publisher\":{\"@id\":\"https:\\\/\\\/hopla.tech\\\/#organization\"},\"alternateName\":\"Hopla!\",\"potentialAction\":[{\"@type\":\"SearchAction\",\"target\":{\"@type\":\"EntryPoint\",\"urlTemplate\":\"https:\\\/\\\/hopla.tech\\\/?s={search_term_string}\"},\"query-input\":{\"@type\":\"PropertyValueSpecification\",\"valueRequired\":true,\"valueName\":\"search_term_string\"}}],\"inLanguage\":\"en-GB\"},{\"@type\":\"Organization\",\"@id\":\"https:\\\/\\\/hopla.tech\\\/#organization\",\"name\":\"Hopla! Tech\",\"alternateName\":\"Hopla!\",\"url\":\"https:\\\/\\\/hopla.tech\\\/\",\"logo\":{\"@type\":\"ImageObject\",\"inLanguage\":\"en-GB\",\"@id\":\"https:\\\/\\\/hopla.tech\\\/#\\\/schema\\\/logo\\\/image\\\/\",\"url\":\"https:\\\/\\\/hopla.tech\\\/wp-content\\\/uploads\\\/2025\\\/12\\\/Hopla-by-BTW-b-3.webp\",\"contentUrl\":\"https:\\\/\\\/hopla.tech\\\/wp-content\\\/uploads\\\/2025\\\/12\\\/Hopla-by-BTW-b-3.webp\",\"width\":274,\"height\":115,\"caption\":\"Hopla! Tech\"},\"image\":{\"@id\":\"https:\\\/\\\/hopla.tech\\\/#\\\/schema\\\/logo\\\/image\\\/\"},\"sameAs\":[\"https:\\\/\\\/x.com\\\/HoplaSoftware\",\"https:\\\/\\\/www.linkedin.com\\\/company\\\/hopla-software\\\/\",\"https:\\\/\\\/www.youtube.com\\\/@hoplasoftware7485\"]}]}<\/script>\n<!-- \/ Yoast SEO Premium plugin. -->","yoast_head_json":{"title":"Pol\u00edticas de privacidad para eventos | Hopla! Tech","robots":{"index":"index","follow":"follow","max-snippet":"max-snippet:-1","max-image-preview":"max-image-preview:large","max-video-preview":"max-video-preview:-1"},"canonical":"https:\/\/hopla.tech\/en\/politicas-privacidad-events-hopla\/","og_locale":"en_GB","og_type":"article","og_title":"Pol\u00edticas de privacidad para eventos","og_description":"Pol\u00edticas de privacidad Los datos recopilados a trav\u00e9s de este formulario son tratados por HOPLA SOFTWARE S.L como responsable del tratamiento de acuerdo con lo dispuesto en el Reglamento (UE) 2016\/679. Este tratamiento de datos es necesario para la gesti\u00f3n de su inscripci\u00f3n y el seguimiento de las prestaciones durante el evento. Estos datos se [&hellip;]","og_url":"https:\/\/hopla.tech\/en\/politicas-privacidad-events-hopla\/","og_site_name":"Hopla! Tech","article_modified_time":"2025-04-04T15:01:23+00:00","twitter_card":"summary_large_image","twitter_site":"@HoplaSoftware","twitter_misc":{"Estimated reading time":"2 minutes"},"schema":{"@context":"https:\/\/schema.org","@graph":[{"@type":"WebPage","@id":"https:\/\/hopla.tech\/politicas-privacidad-events-hopla\/","url":"https:\/\/hopla.tech\/politicas-privacidad-events-hopla\/","name":"Pol\u00edticas de privacidad para eventos | Hopla! Tech","isPartOf":{"@id":"https:\/\/hopla.tech\/#website"},"datePublished":"2025-04-04T14:55:56+00:00","dateModified":"2025-04-04T15:01:23+00:00","breadcrumb":{"@id":"https:\/\/hopla.tech\/politicas-privacidad-events-hopla\/#breadcrumb"},"inLanguage":"en-GB","potentialAction":[{"@type":"ReadAction","target":["https:\/\/hopla.tech\/politicas-privacidad-events-hopla\/"]}]},{"@type":"BreadcrumbList","@id":"https:\/\/hopla.tech\/politicas-privacidad-events-hopla\/#breadcrumb","itemListElement":[{"@type":"ListItem","position":1,"name":"Portada","item":"https:\/\/hopla.tech\/"},{"@type":"ListItem","position":2,"name":"Pol\u00edticas de privacidad para eventos"}]},{"@type":"WebSite","@id":"https:\/\/hopla.tech\/#website","url":"https:\/\/hopla.tech\/","name":"Hopla! Tech","description":"The enterprise software and consultancy company","publisher":{"@id":"https:\/\/hopla.tech\/#organization"},"alternateName":"Hopla!","potentialAction":[{"@type":"SearchAction","target":{"@type":"EntryPoint","urlTemplate":"https:\/\/hopla.tech\/?s={search_term_string}"},"query-input":{"@type":"PropertyValueSpecification","valueRequired":true,"valueName":"search_term_string"}}],"inLanguage":"en-GB"},{"@type":"Organization","@id":"https:\/\/hopla.tech\/#organization","name":"Hopla! Tech","alternateName":"Hopla!","url":"https:\/\/hopla.tech\/","logo":{"@type":"ImageObject","inLanguage":"en-GB","@id":"https:\/\/hopla.tech\/#\/schema\/logo\/image\/","url":"https:\/\/hopla.tech\/wp-content\/uploads\/2025\/12\/Hopla-by-BTW-b-3.webp","contentUrl":"https:\/\/hopla.tech\/wp-content\/uploads\/2025\/12\/Hopla-by-BTW-b-3.webp","width":274,"height":115,"caption":"Hopla! Tech"},"image":{"@id":"https:\/\/hopla.tech\/#\/schema\/logo\/image\/"},"sameAs":["https:\/\/x.com\/HoplaSoftware","https:\/\/www.linkedin.com\/company\/hopla-software\/","https:\/\/www.youtube.com\/@hoplasoftware7485"]}]}},"_links":{"self":[{"href":"https:\/\/hopla.tech\/en\/wp-json\/wp\/v2\/pages\/14203","targetHints":{"allow":["GET"]}}],"collection":[{"href":"https:\/\/hopla.tech\/en\/wp-json\/wp\/v2\/pages"}],"about":[{"href":"https:\/\/hopla.tech\/en\/wp-json\/wp\/v2\/types\/page"}],"author":[{"embeddable":true,"href":"https:\/\/hopla.tech\/en\/wp-json\/wp\/v2\/users\/3"}],"replies":[{"embeddable":true,"href":"https:\/\/hopla.tech\/en\/wp-json\/wp\/v2\/comments?post=14203"}],"version-history":[{"count":8,"href":"https:\/\/hopla.tech\/en\/wp-json\/wp\/v2\/pages\/14203\/revisions"}],"predecessor-version":[{"id":14212,"href":"https:\/\/hopla.tech\/en\/wp-json\/wp\/v2\/pages\/14203\/revisions\/14212"}],"wp:attachment":[{"href":"https:\/\/hopla.tech\/en\/wp-json\/wp\/v2\/media?parent=14203"}],"curies":[{"name":"wp","href":"https:\/\/api.w.org\/{rel}","templated":true}]}}